{"id":584,"date":"2023-08-15T13:01:18","date_gmt":"2023-08-15T13:01:18","guid":{"rendered":"https:\/\/iva.acm.org\/2023\/?page_id=584"},"modified":"2025-08-13T14:14:17","modified_gmt":"2025-08-13T14:14:17","slug":"accepted-papers","status":"publish","type":"page","link":"https:\/\/iva.acm.org\/2025\/accepted-papers\/","title":{"rendered":"Accepted Papers"},"content":{"rendered":"\n<h1 style=\"font-size:3em; padding-top: 40px;\">Accepted Papers<\/h1>\n\n\n\n<h5 class=\"wp-block-heading\">Accepted Long Papers<\/h5>\n\n\n\n<figure class=\"wp-block-table aligncenter\"><table class=\"has-fixed-layout\"><tbody><tr><td><strong>Title<\/strong><\/td><td><strong>Authors<\/strong><\/td><\/tr><tr><td>Multimodal Reinforcement in Screen-Based ECA Health Interactions: Effects on Memory Retention, Dietary Attitudes, and Cognitive Load<\/td><td><em>Sagar Ashok Vankit, Nafisa Sabnam Shama, Deyrel Diaz and Matias Volonte<\/em><\/td><\/tr><tr><td>Can LLMs Generate Behaviors for Embodied Virtual Agents Based on Personality Traits?<\/td><td><em>Bin Han, Deuksin Kwon, Spencer Lin, Kaleen Shrestha and Jonathan Gratch<\/em><\/td><\/tr><tr><td>Inceptor: Automated Generation of Social Scenarios in Virtual Reality<\/td><td><em>Dan Pollak, Ranit Maimon, Maya Shekel, Jonathan Giron and Friedman Doron<\/em><\/td><\/tr><tr><td>SMART-DREAM: To Condition or Not to Condition;A Study on the Impact of LLM Conditioning on Motivational Interview Dialog Virtual Agent<\/td><td><em>Lucie Galland, Catherine Pelachaud and Florian Pecune<\/em><\/td><\/tr><tr><td>Exploring the Influence of Multiple Virtual Agents for Addressing Barriers to Cancer Clinical Trial Participation<\/td><td><em>Rashi Ghosh, Christopher You, Roshan Venkatakrishnan and Benjamin Lok<\/em><\/td><\/tr><tr><td>Vocal Modulation and Engagement Effects in Virtual Health Assistant-Guided Gratitude Journaling Among Young Adults<\/td><td><em>Andrew Maxim, Courtny Franco, Roshan Venkatakrishnan and Benjamin Lok<\/em><\/td><\/tr><tr><td>Voice and Choice: Voice Equivalence and Representational Choice in Virtual Health Assistants for Colorectal Cancer Screening Among Black American Adults<\/td><td><em>Andrew Maxim, Eric Cooks, Janice Krieger and Benjamin Lok<\/em><\/td><\/tr><tr><td>Real-Time Inverse Kinematics for Generating Multi-Constrained Movements of Virtual Human Characters<\/td><td><em>Hendric Vo\u00df and Stefan Kopp<\/em><\/td><\/tr><tr><td>BEE: Belief-Value-Aligned, Explainable, and Extensible Cognitive Framework for Conversational Social Agents<\/td><td><em>Chen Yang, Markus Gross and Rafael Wampfler<\/em><\/td><\/tr><tr><td>Which way do I go? Synthetic Visual Attention Guiding Agents Through Dynamic Environments<\/td><td><em>Julia Melgare, Rubens Montanha and Soraia Raupp Musse<\/em><\/td><\/tr><tr><td>Enhancing Trust in Intelligent Virtual Agents: The Role of Acoustic Cues, Lexical Style, and Listener Characteristics in the Perception of Synthesized Speech<\/td><td><em>Yuwen Yu and Sarah Ita Levitan<\/em><\/td><\/tr><tr><td>A Joint Personality-Emotion Framework for Personality-Consistent Conversational Agents<\/td><td><em>Nikola Kovacevic, Christian Holz, Markus Gross and Rafael Wampfler<\/em><\/td><\/tr><tr><td>Collaboration Under Uncertainty: Perspective Asymmetry and Reference Production of Homophone Objects in Human-Agent Collaborative Communication<\/td><td><em>Paola R. Pe\u00f1a and Benjamin R. Cowan<\/em><\/td><\/tr><tr><td>Knowing is Trusting! The Influence of Familiarity on the Perception of Intelligent Virtual Agents<\/td><td><em>Anastasia Poletaykina, Lucie Kruse and Frank Steinicke<\/em><\/td><\/tr><tr><td>Interactive Social Agent Behaviors of Politeness and Compromise in Collaborative Decision-making<\/td><td><em>Jihyun Jeong and Guy Hoffman<\/em><\/td><\/tr><tr><td>Synthetically Expressive: Evaluating gesture and voice for emotion and empathy in VR and 2D scenarios<\/td><td><em>Haoyang Du, Kiran Chhatre, Christopher Peters, Brian Keegan, Rachel McDonnell and Cathy Ennis<\/em><\/td><\/tr><tr><td>Controlled Yet Natural: A Hybrid BDI-LLM Conversational Agent for Child Helpline Training<\/td><td><em>Mohammed Al Owayyed, Adarsh Denga and Willem-Paul Brinkman<\/em><\/td><\/tr><tr><td>Double Jeopardy? \u2013 An Investigation of the Cumulative Disadvantage of Intersectional Bias in Virtual Reality<\/td><td><em>Ohenewa Bediako Akuffo and Birgit Lugrin<\/em><\/td><\/tr><tr><td>My AI is My (Virtual) Friend: The Effects of Anthropomorphic Design Cues in Human-Chatbot Interactions<\/td><td><em>Nicole Kr\u00e4mer, Tristan K\u00fchn and Aike Horstmann<\/em><\/td><\/tr><tr><td>Who Am I Talking To? Critical Reflections on Socially Interactive Agents in Current Media Art<\/td><td><em>Maja Stark, Dagmar Sch\u00fcrrer and Andrea Knaut<\/em><\/td><\/tr><tr><td>Judged by a Chatbot? An Empirical Investigation of the Impact of Expectancy Violations on Users&#8217; Trust in AI-based Chatbots.<\/td><td><em>Emily Herter and Aike C. Horstmann<\/em><\/td><\/tr><tr><td>Multimodal Social Signal Processing for Real-time Cohesion Estimation in Hybrid Groups<\/td><td><em>Mathilde Sassier-Roublin, Julien Saunier and Alexandre Pauchet<\/em><\/td><\/tr><tr><td>Evaluating Theory-of-Mind in Large Language Models Through Opponent Modeling<\/td><td><em>Ahmet Emre Kuru, An\u0131l Do\u011fru, Merve Do\u011fan and Reyhan Aydo\u011fan<\/em><\/td><\/tr><tr><td>Greta 2.0: Social Interactive Agent system, optimized for neural network integration<\/td><td><em>Takeshi Saga, Lucie Galland, Nezih Younsi and Catherine Pelachaud<\/em><\/td><\/tr><tr><td>The Impact of the Race of Intelligent Virtual Agents on the Trust in AI-Based Recommendations<\/td><td><em>Annika Rittmann, Susanne Schmidt and Frank Steinicke<\/em><\/td><\/tr><tr><td>Seeing and Speaking with Culture: How Visitor Profiles Shape Multimodal Interaction in a VR Art Exhibition<\/td><td><em>Delaram Javdani Rikhtehgar, Shenghui Wang, Stefan Schlobach and Dirk Heylen<\/em><\/td><\/tr><tr><td>Perception of Virtual Audiences: Influence of Gender and Nonverbal Behavior<\/td><td><em>Sarah Saufnay and Michael Schyns<\/em><\/td><\/tr><tr><td>How Should Your Artificial Teammate Tell You How Much It Trusts You?<\/td><td><em>Carolina Centeio Jorge, Elena Dumitrescu, Catholijn Jonker, Razvan Loghin, Sahar Marossi, Elena Uleia and Myrthe Tielman<\/em><\/td><\/tr><tr><td>An Adaptive Emotion-Aware Strategy for Human-Agent Negotiation: Insights from Real-World Human-Robot Experiments<\/td><td><em>Mehmet Onur Keskin, Umut \u00c7akan and Reyhan Aydogan<\/em><\/td><\/tr><tr><td>Using Virtual Agents and LLMs to Generate Tailored Health Education Pamphlets<\/td><td><em>Mina Fallah, Farnaz Nouraei and Bickmore Timothy<\/em><\/td><\/tr><\/tbody><\/table><\/figure>\n\n\n\n<h5 class=\"wp-block-heading\">Accepted Posters<\/h5>\n\n\n\n<figure class=\"wp-block-table\"><table class=\"has-fixed-layout\"><tbody><tr><td><strong>Title<\/strong><\/td><td><strong>Authors<\/strong><\/td><\/tr><tr><td>Annotate, Repeat, Succeed: Influence of AgentRepresentation on Reusable Augmented Reality Instructionsfor Remote Assistance<\/td><td><em>Bernardo Marques, Andr\u00e9 Santos, Samuel Silva, F\u00e1bio Barros,Paulo Dias and Beatriz Sousa-Santos<\/em><\/td><\/tr><tr><td>A Risk Taxonomy for Evaluating AI-Powered PsychotherapyVirtual Agents<\/td><td><em>Ian Steenstra and Timothy Bickmore<\/em><\/td><\/tr><tr><td>Impact of Voice Assistants\u2019 Conversational Style onCognitive Driver Distraction<\/td><td><em>Monique Dittrich, Seunghui Ko and Tobias Rieger<\/em><\/td><\/tr><tr><td>Designing for Inclusion: Key Considerations for VoiceInterfaces for Emergent Users<\/td><td><em>Shashank Ahire<\/em><\/td><\/tr><tr><td>VoiceX as a Design Tool for Virtual Agents&#8217; Voices<\/td><td><em>Daksitha Withanage, Florian Lingenfelser, Johanna Kuch,Otto Grothe, Ruben Schlagowski, Elisabeth Andr\u00e9 and Silvan Mertes<\/em><\/td><\/tr><tr><td>Body types\u2019 effects on perception of virtual agents\u2019personalities<\/td><td><em>Annika Silvervarg<\/em><\/td><\/tr><tr><td>Operationalizing Machine Companionship: Exploring Topics inDiscussions of Companion AI<\/td><td><em>Jaime Banks, Jianghui Li, Zhixin Li and Caleb T. Carr<\/em><\/td><\/tr><tr><td>Multimodal Generation of Contextualized Jokes for aReal-Time Virtual Character<\/td><td><em>Thomas Kiderle, Cristina Georgiana Dobre, Jauwairia Nasir,Carlos Gonzales Diaz, Hannes Ritschel, Stina Klein, Silvan Mertes and Elisabeth Andr\u00e9<\/em><\/td><\/tr><tr><td>Exploring the Impact of Gendered Virtual Pedagogical Agentson Women&#8217;s Emotional Responses and Perceptions of AgentEffectiveness<\/td><td><em>Marian McDonnell and Niamh Fahy<\/em><\/td><\/tr><tr><td>Evaluating Multimodal Behavioral Features for PublicSpeaking Assessment in Virtual Reality<\/td><td><em>Marion Ristorcelli, Elodie Etienne, Micha\u00ebl Schyns, R\u00e9my Casanova and Magalie Ochs<\/em><\/td><\/tr><tr><td>Automatic objective metric for the optimization ofnonverbal behavior generative models<\/td><td><em>Alice Delbosc, Nicolas Sabouret, Brian Ravenet, St\u00e9phane Ayache and Magalie Ochs<\/em><\/td><\/tr><tr><td>EVE: Emotional Validated Expressions, an acted audiovisualcorpus<\/td><td><em>Elodie Etienne, Ang\u00e9lique Remacle, Anne-Lise Leclercq and Michael Schyns<\/em><\/td><\/tr><tr><td>Evaluating Perceived Realism of Micro-Movement Strategiesin Artificial Social Agents<\/td><td><em>Jacob Sharp and Ulysses Bernardet<\/em><\/td><\/tr><tr><td>Do I Sound as Capable as I Look? Impact of RobotCommunication Style and Appearance on User Perception<\/td><td><em>Nevio Kavuza, Hideki Garcia Goo and Khiet Truong<\/em><\/td><\/tr><tr><td>Evaluating the Gender Label in Virtual Babies Using anInteractive Environment<\/td><td><em>Victor Araujo, Gabriel Silva, Catherine Pelachaud, Angelo Costa and Soraia Musse<\/em><\/td><\/tr><tr><td>Enhancing Narrative Engagement Through Virtual CrowdModulation in VR Storytelling<\/td><td><em>Gwendal Paton, Anne-Gwenn Bosser, Brian Ravenet and Nathalie Le Bigot<\/em><\/td><\/tr><tr><td>Reducing Foreign Language Anxiety in Icebreaker SessionsUsing LLM-Controlled Multilingual Virtual Agents in VR<\/td><td><em>Zimu Cheng, Marco Gillies and Xueni Pan<\/em><\/td><\/tr><tr><td>SIA-Lab: A Platform for Exploring Assistive and SupportiveSocially Interactive Agents<\/td><td><em>Mina Ameli, Tanja Schneeberger, Janet Wessler, Michael Dietz, Elisabeth Andr\u00e9 and Patrick Gebhard<\/em><\/td><\/tr><\/tbody><\/table><\/figure>\n\n\n\n<h5 class=\"wp-block-heading\">Accepted  Demos<\/h5>\n\n\n\n<figure class=\"wp-block-table\"><table class=\"has-fixed-layout\"><tbody><tr><td>A Latency-Optimized LLM-based Multimodal Dialogue System for Embodied Conversational Agents in VR<\/td><td><em>Konstantin W. K\u00fchlem, Jonathan Ehret, Torsten W. Kuhlen and Andrea B\u00f6nsch<\/em><\/td><\/tr><tr><td>Expressive Agents in Psychology Research: A Study on Nuanced Emotional Signaling with Dynamic Tears<\/td><td><em>Nick van Apeldoorn, Niels Voskens and Dennis K\u00fcster<\/em><\/td><\/tr><tr><td>RELATE &#8211; Talk With Me<\/td><td><em>Andrea Familari<\/em><\/td><\/tr><tr><td>#SOPHYGRAY \u2013 A Feminist Voice Bot<\/td><td><em>Nadja Verena Marcin<\/em><\/td><\/tr><tr><td>ITERATIVE BODY SYNTHESIS<\/td><td><em>Michael Wallinger<\/em><\/td><\/tr><tr><td>Leveraging LLMs to streamline the process of building Virtual Agent based Career Coaches<\/td><td><em>Neal Shankar and Emmanuel Dorley<\/em><\/td><\/tr><tr><td>Multi-Platform Intelligent Agents with the Virtual Human Toolkit<\/td><td><em>Arno Hartholt, Ed Fast, Kevin Kim, Andrew Leeds, Edwin Sookiassian and Sharon Mozgai<\/em><\/td><\/tr><tr><td>An Experimental Environment for Narrative Cue Evaluation in Virtual Reality<\/td><td><em>Gwendal Paton, Anne-Gwenn Bosser, Brian Ravenet and Nathalie Le Bigot<\/em><\/td><\/tr><tr><td>CO-PARLEY: A Co-Regulative Socially Interactive Agent for Emotion Regulation Support<\/td><td><em>Mina Ameli, Chirag Bhuvaneshwara, Janet Wessler, Michael Dietz, Tanja Schneeberger, Elisabeth Andr\u00e9 and Patrick Gebhard<\/em><\/td><\/tr><tr><td>n\u22601<\/td><td>Chantal Pisarzowski<\/td><\/tr><\/tbody><\/table><\/figure>\n","protected":false},"excerpt":{"rendered":"<p>Accepted Papers Accepted Long Papers Title Authors Multimodal Reinforcement in Screen-Based ECA Health Interactions: Effects on Memory Retention, Dietary Attitudes, and Cognitive Load Sagar Ashok Vankit, Nafisa Sabnam Shama, Deyrel Diaz and Matias Volonte Can LLMs Generate Behaviors for Embodied Virtual Agents Based on Personality Traits? Bin Han, Deuksin Kwon, Spencer Lin, Kaleen Shrestha and [&hellip;]<\/p>\n","protected":false},"author":1,"featured_media":0,"parent":0,"menu_order":0,"comment_status":"closed","ping_status":"closed","template":"templates\/template-full-width.php","meta":{"om_disable_all_campaigns":false,"_monsterinsights_skip_tracking":false,"_monsterinsights_sitenote_active":false,"_monsterinsights_sitenote_note":"","_monsterinsights_sitenote_category":0,"footnotes":""},"class_list":["post-584","page","type-page","status-publish","hentry"],"aioseo_notices":[],"_links":{"self":[{"href":"https:\/\/iva.acm.org\/2025\/wp-json\/wp\/v2\/pages\/584","targetHints":{"allow":["GET"]}}],"collection":[{"href":"https:\/\/iva.acm.org\/2025\/wp-json\/wp\/v2\/pages"}],"about":[{"href":"https:\/\/iva.acm.org\/2025\/wp-json\/wp\/v2\/types\/page"}],"author":[{"embeddable":true,"href":"https:\/\/iva.acm.org\/2025\/wp-json\/wp\/v2\/users\/1"}],"replies":[{"embeddable":true,"href":"https:\/\/iva.acm.org\/2025\/wp-json\/wp\/v2\/comments?post=584"}],"version-history":[{"count":36,"href":"https:\/\/iva.acm.org\/2025\/wp-json\/wp\/v2\/pages\/584\/revisions"}],"predecessor-version":[{"id":1955,"href":"https:\/\/iva.acm.org\/2025\/wp-json\/wp\/v2\/pages\/584\/revisions\/1955"}],"wp:attachment":[{"href":"https:\/\/iva.acm.org\/2025\/wp-json\/wp\/v2\/media?parent=584"}],"curies":[{"name":"wp","href":"https:\/\/api.w.org\/{rel}","templated":true}]}}