{"id":145,"date":"2022-11-18T11:36:50","date_gmt":"2022-11-18T11:36:50","guid":{"rendered":"https:\/\/iva.acm.org\/2023\/?page_id=145"},"modified":"2025-08-21T12:52:59","modified_gmt":"2025-08-21T12:52:59","slug":"organizing-committee","status":"publish","type":"page","link":"https:\/\/iva.acm.org\/2025\/organizing-committee\/","title":{"rendered":"Organizing Committee"},"content":{"rendered":"\n<h1 style=\"font-size:3em; padding-top: 40px\">Organizing Committee<\/h1>\n\n\n\n<p class=\"has-text-align-left\">(<a href=\"mailto:organizers@iva.acm.org\">organizers@iva.acm.org<\/a>)<\/p>\n\n\n\n<hr class=\"wp-block-separator has-alpha-channel-opacity\"\/>\n\n\n\n<p><strong>General Chairs: <\/strong><br><a href=\"mailto:generalchairs@iva.acm.org\">generalchairs@iva.acm.org<\/a><br><\/p>\n\n\n\n<p>Patrick Gebhard (DFKI Saarbr\u00fccken, Germany) <img loading=\"lazy\" decoding=\"async\" width=\"150\" height=\"189\" class=\"wp-image-296\" style=\"width: 150px;\" src=\"https:\/\/iva.acm.org\/2025\/wp-content\/uploads\/2022\/12\/PatrickGebhard.jpg\" alt=\"\" srcset=\"https:\/\/iva.acm.org\/2025\/wp-content\/uploads\/2022\/12\/PatrickGebhard.jpg 1102w, https:\/\/iva.acm.org\/2025\/wp-content\/uploads\/2022\/12\/PatrickGebhard-239x300.jpg 239w, https:\/\/iva.acm.org\/2025\/wp-content\/uploads\/2022\/12\/PatrickGebhard-815x1024.jpg 815w, https:\/\/iva.acm.org\/2025\/wp-content\/uploads\/2022\/12\/PatrickGebhard-768x965.jpg 768w\" sizes=\"auto, (max-width: 150px) 100vw, 150px\" \/><\/p>\n\n\n\n<p>Tanja Schneeberger (DFKI Berlin, Germany) <img loading=\"lazy\" decoding=\"async\" width=\"150\" height=\"150\" class=\"wp-image-752\" style=\"width: 150px;\" src=\"https:\/\/iva.acm.org\/2025\/wp-content\/uploads\/2023\/11\/IMG_4902-2-scaled.jpg\" alt=\"\" srcset=\"https:\/\/iva.acm.org\/2025\/wp-content\/uploads\/2023\/11\/IMG_4902-2-scaled.jpg 2553w, https:\/\/iva.acm.org\/2025\/wp-content\/uploads\/2023\/11\/IMG_4902-2-300x300.jpg 300w, https:\/\/iva.acm.org\/2025\/wp-content\/uploads\/2023\/11\/IMG_4902-2-1021x1024.jpg 1021w, https:\/\/iva.acm.org\/2025\/wp-content\/uploads\/2023\/11\/IMG_4902-2-150x150.jpg 150w, https:\/\/iva.acm.org\/2025\/wp-content\/uploads\/2023\/11\/IMG_4902-2-768x770.jpg 768w, https:\/\/iva.acm.org\/2025\/wp-content\/uploads\/2023\/11\/IMG_4902-2-1532x1536.jpg 1532w, https:\/\/iva.acm.org\/2025\/wp-content\/uploads\/2023\/11\/IMG_4902-2-2043x2048.jpg 2043w, https:\/\/iva.acm.org\/2025\/wp-content\/uploads\/2023\/11\/IMG_4902-2-1200x1203.jpg 1200w, https:\/\/iva.acm.org\/2025\/wp-content\/uploads\/2023\/11\/IMG_4902-2-1980x1985.jpg 1980w\" sizes=\"auto, (max-width: 150px) 100vw, 150px\" \/><\/p>\n\n\n\n<hr class=\"wp-block-separator has-alpha-channel-opacity\"\/>\n\n\n\n<p><strong>Program Chairs: <\/strong><br><a href=\"mailto:programmchairs@iva.acm.org\">programmchairs@iva.acm.org<\/a><br><\/p>\n\n\n\n<p>Michael Schmitz (HBK Saarbr\u00fccken, Germany) <img loading=\"lazy\" decoding=\"async\" width=\"150\" height=\"225\" class=\"wp-image-1427\" style=\"width: 150px;\" src=\"https:\/\/iva.acm.org\/2025\/wp-content\/uploads\/2025\/01\/Foto-Michael-Schmitz-scaled.jpg\" alt=\"\" srcset=\"https:\/\/iva.acm.org\/2025\/wp-content\/uploads\/2025\/01\/Foto-Michael-Schmitz-scaled.jpg 1707w, https:\/\/iva.acm.org\/2025\/wp-content\/uploads\/2025\/01\/Foto-Michael-Schmitz-200x300.jpg 200w, https:\/\/iva.acm.org\/2025\/wp-content\/uploads\/2025\/01\/Foto-Michael-Schmitz-683x1024.jpg 683w, https:\/\/iva.acm.org\/2025\/wp-content\/uploads\/2025\/01\/Foto-Michael-Schmitz-768x1152.jpg 768w, https:\/\/iva.acm.org\/2025\/wp-content\/uploads\/2025\/01\/Foto-Michael-Schmitz-1024x1536.jpg 1024w, https:\/\/iva.acm.org\/2025\/wp-content\/uploads\/2025\/01\/Foto-Michael-Schmitz-1365x2048.jpg 1365w, https:\/\/iva.acm.org\/2025\/wp-content\/uploads\/2025\/01\/Foto-Michael-Schmitz-1200x1800.jpg 1200w, https:\/\/iva.acm.org\/2025\/wp-content\/uploads\/2025\/01\/Foto-Michael-Schmitz-1980x2970.jpg 1980w\" sizes=\"auto, (max-width: 150px) 100vw, 150px\" \/><\/p>\n\n\n\n<p>Beatrice Biancardi (CESI LINEACT, Nanterre, France) <img loading=\"lazy\" decoding=\"async\" width=\"150\" height=\"170\" class=\"wp-image-780\" style=\"width: 150px;\" src=\"https:\/\/iva.acm.org\/2025\/wp-content\/uploads\/2023\/11\/BeatriceBiancardi.png\" alt=\"\"><\/p>\n\n\n\n<p>Zerrin Yumak (Utrecht University, Netherlands) <img loading=\"lazy\" decoding=\"async\" width=\"150\" height=\"186\" class=\"wp-image-1547\" style=\"width: 150px;\" src=\"https:\/\/iva.acm.org\/2025\/wp-content\/uploads\/2025\/02\/\u00a9UU-Harold-van-de-Kamp-BETA-Portrait_Zerrin-Yumak-2021-BB_08-624x416-1-1.jpg\" alt=\"\" srcset=\"https:\/\/iva.acm.org\/2025\/wp-content\/uploads\/2025\/02\/\u00a9UU-Harold-van-de-Kamp-BETA-Portrait_Zerrin-Yumak-2021-BB_08-624x416-1-1.jpg 329w, https:\/\/iva.acm.org\/2025\/wp-content\/uploads\/2025\/02\/\u00a9UU-Harold-van-de-Kamp-BETA-Portrait_Zerrin-Yumak-2021-BB_08-624x416-1-1-241x300.jpg 241w\" sizes=\"auto, (max-width: 150px) 100vw, 150px\" \/><\/p>\n\n\n\n<p>Nicolas Sabouret (Universit\u00e9 Paris-Saclay, France) <img loading=\"lazy\" decoding=\"async\" width=\"150\" height=\"225\" class=\"wp-image-1396\" style=\"width: 150px;\" src=\"https:\/\/iva.acm.org\/2025\/wp-content\/uploads\/2025\/01\/FR7502-3899-low.jpg\" alt=\"\" srcset=\"https:\/\/iva.acm.org\/2025\/wp-content\/uploads\/2025\/01\/FR7502-3899-low.jpg 1000w, https:\/\/iva.acm.org\/2025\/wp-content\/uploads\/2025\/01\/FR7502-3899-low-200x300.jpg 200w, https:\/\/iva.acm.org\/2025\/wp-content\/uploads\/2025\/01\/FR7502-3899-low-683x1024.jpg 683w, https:\/\/iva.acm.org\/2025\/wp-content\/uploads\/2025\/01\/FR7502-3899-low-768x1152.jpg 768w\" sizes=\"auto, (max-width: 150px) 100vw, 150px\" \/> <\/p>\n\n\n\n<hr class=\"wp-block-separator has-alpha-channel-opacity\"\/>\n\n\n\n<p><strong>Poster Chairs: <\/strong><br><a href=\"mailto:programmchairs@iva.acm.org\" title=\"\">posterchairs@iva.acm.org<\/a><\/p>\n\n\n\n<p><\/p>\n\n\n\n<p>Andrea B\u00f6nsch (RWTH Aachen, Germany) <img loading=\"lazy\" decoding=\"async\" width=\"150\" height=\"225\" class=\"wp-image-1483\" style=\"width: 150px;\" src=\"https:\/\/iva.acm.org\/2025\/wp-content\/uploads\/2025\/01\/Andrea_Boensch_PosterChair_IVA2025.jpg\" alt=\"\" srcset=\"https:\/\/iva.acm.org\/2025\/wp-content\/uploads\/2025\/01\/Andrea_Boensch_PosterChair_IVA2025.jpg 567w, https:\/\/iva.acm.org\/2025\/wp-content\/uploads\/2025\/01\/Andrea_Boensch_PosterChair_IVA2025-200x300.jpg 200w\" sizes=\"auto, (max-width: 150px) 100vw, 150px\" \/><\/p>\n\n\n\n<p>Pablo Dornhege (HTW Berlin, Germany) <img loading=\"lazy\" decoding=\"async\" width=\"150\" height=\"140\" class=\"wp-image-1541\" style=\"width: 150px;\" src=\"https:\/\/iva.acm.org\/2025\/wp-content\/uploads\/2025\/02\/DSC179408_crop.jpg\" alt=\"\" srcset=\"https:\/\/iva.acm.org\/2025\/wp-content\/uploads\/2025\/02\/DSC179408_crop.jpg 2080w, https:\/\/iva.acm.org\/2025\/wp-content\/uploads\/2025\/02\/DSC179408_crop-300x280.jpg 300w, https:\/\/iva.acm.org\/2025\/wp-content\/uploads\/2025\/02\/DSC179408_crop-1024x957.jpg 1024w, https:\/\/iva.acm.org\/2025\/wp-content\/uploads\/2025\/02\/DSC179408_crop-768x718.jpg 768w, https:\/\/iva.acm.org\/2025\/wp-content\/uploads\/2025\/02\/DSC179408_crop-1536x1436.jpg 1536w, https:\/\/iva.acm.org\/2025\/wp-content\/uploads\/2025\/02\/DSC179408_crop-2048x1914.jpg 2048w, https:\/\/iva.acm.org\/2025\/wp-content\/uploads\/2025\/02\/DSC179408_crop-1200x1122.jpg 1200w, https:\/\/iva.acm.org\/2025\/wp-content\/uploads\/2025\/02\/DSC179408_crop-1980x1851.jpg 1980w\" sizes=\"auto, (max-width: 150px) 100vw, 150px\" \/><\/p>\n\n\n\n<hr class=\"wp-block-separator has-alpha-channel-opacity\"\/>\n\n\n\n<p><strong>Local Chairs:<\/strong><br><a data-type=\"mailto\" data-id=\"mailto:doctoralconsortiumchairs@iva.acm.org\" href=\"mailto:doctoralconsortiumchairs@iva.acm.org\">localchairs@<\/a><a href=\"mailto:localchairs@iva.acm.org\" title=\"\">iva.acm.org<\/a><br><br>Maja Stark (HTW Berlin, Germany) <img loading=\"lazy\" decoding=\"async\" width=\"150\" height=\"132\" class=\"wp-image-1430\" style=\"width: 150px;\" src=\"https:\/\/iva.acm.org\/2025\/wp-content\/uploads\/2025\/01\/MS_qu_klein.png\" alt=\"\" srcset=\"https:\/\/iva.acm.org\/2025\/wp-content\/uploads\/2025\/01\/MS_qu_klein.png 655w, https:\/\/iva.acm.org\/2025\/wp-content\/uploads\/2025\/01\/MS_qu_klein-300x264.png 300w\" sizes=\"auto, (max-width: 150px) 100vw, 150px\" \/><\/p>\n\n\n\n<p>Katharina Weitz (Fraunhofer HHI Berlin, Germany) <img loading=\"lazy\" decoding=\"async\" width=\"150\" height=\"200\" class=\"wp-image-1398\" style=\"width: 150px;\" src=\"https:\/\/iva.acm.org\/2025\/wp-content\/uploads\/2025\/01\/Katharina-Weitz_Portrait-scaled.jpeg\" alt=\"\" srcset=\"https:\/\/iva.acm.org\/2025\/wp-content\/uploads\/2025\/01\/Katharina-Weitz_Portrait-scaled.jpeg 1920w, https:\/\/iva.acm.org\/2025\/wp-content\/uploads\/2025\/01\/Katharina-Weitz_Portrait-225x300.jpeg 225w, https:\/\/iva.acm.org\/2025\/wp-content\/uploads\/2025\/01\/Katharina-Weitz_Portrait-768x1024.jpeg 768w, https:\/\/iva.acm.org\/2025\/wp-content\/uploads\/2025\/01\/Katharina-Weitz_Portrait-1152x1536.jpeg 1152w, https:\/\/iva.acm.org\/2025\/wp-content\/uploads\/2025\/01\/Katharina-Weitz_Portrait-1536x2048.jpeg 1536w, https:\/\/iva.acm.org\/2025\/wp-content\/uploads\/2025\/01\/Katharina-Weitz_Portrait-1200x1600.jpeg 1200w, https:\/\/iva.acm.org\/2025\/wp-content\/uploads\/2025\/01\/Katharina-Weitz_Portrait-1980x2640.jpeg 1980w\" sizes=\"auto, (max-width: 150px) 100vw, 150px\" \/><\/p>\n\n\n\n<hr class=\"wp-block-separator has-alpha-channel-opacity\"\/>\n\n\n\n<p><strong>Workshop Chairs: <\/strong><br><a href=\"mailto:workshopchairs@iva.acm.org\">workshopchairs@iva.acm.org<\/a><\/p>\n\n\n\n<p>Aike Horstmann (University Duisburg Essen, Germany) <img loading=\"lazy\" decoding=\"async\" width=\"150\" height=\"251\" class=\"wp-image-1567\" style=\"width: 150px;\" src=\"https:\/\/iva.acm.org\/2025\/wp-content\/uploads\/2025\/02\/ProfilePicture1-1-scaled.jpg\" alt=\"\" srcset=\"https:\/\/iva.acm.org\/2025\/wp-content\/uploads\/2025\/02\/ProfilePicture1-1-scaled.jpg 1531w, https:\/\/iva.acm.org\/2025\/wp-content\/uploads\/2025\/02\/ProfilePicture1-1-179x300.jpg 179w, https:\/\/iva.acm.org\/2025\/wp-content\/uploads\/2025\/02\/ProfilePicture1-1-612x1024.jpg 612w, https:\/\/iva.acm.org\/2025\/wp-content\/uploads\/2025\/02\/ProfilePicture1-1-768x1284.jpg 768w, https:\/\/iva.acm.org\/2025\/wp-content\/uploads\/2025\/02\/ProfilePicture1-1-919x1536.jpg 919w, https:\/\/iva.acm.org\/2025\/wp-content\/uploads\/2025\/02\/ProfilePicture1-1-1225x2048.jpg 1225w, https:\/\/iva.acm.org\/2025\/wp-content\/uploads\/2025\/02\/ProfilePicture1-1-1200x2007.jpg 1200w, https:\/\/iva.acm.org\/2025\/wp-content\/uploads\/2025\/02\/ProfilePicture1-1-1980x3311.jpg 1980w\" sizes=\"auto, (max-width: 150px) 100vw, 150px\" \/><\/p>\n\n\n\n<p>Stef\u00e1n \u00d3lafsson (Reykjav\u00edk University, Iceland) <img loading=\"lazy\" decoding=\"async\" width=\"150\" height=\"188\" class=\"wp-image-785\" style=\"width: 150px;\" src=\"https:\/\/iva.acm.org\/2025\/wp-content\/uploads\/2023\/11\/Stefan-Olafsson_color_port.jpg\" alt=\"\" srcset=\"https:\/\/iva.acm.org\/2025\/wp-content\/uploads\/2023\/11\/Stefan-Olafsson_color_port.jpg 800w, https:\/\/iva.acm.org\/2025\/wp-content\/uploads\/2023\/11\/Stefan-Olafsson_color_port-240x300.jpg 240w, https:\/\/iva.acm.org\/2025\/wp-content\/uploads\/2023\/11\/Stefan-Olafsson_color_port-768x960.jpg 768w\" sizes=\"auto, (max-width: 150px) 100vw, 150px\" \/><\/p>\n\n\n\n<hr class=\"wp-block-separator has-alpha-channel-opacity\"\/>\n\n\n\n<p><strong>Doctoral Consortium Chairs:<\/strong><br><a data-type=\"mailto\" data-id=\"mailto:doctoralconsortiumchairs@iva.acm.org\" href=\"mailto:doctoralconsortiumchairs@iva.acm.org\">doctoralconsortiumchairs@iva.acm.org<\/a><br><br>Brian Ravenet (Universit\u00e9 Paris-Saclay, France) <img loading=\"lazy\" decoding=\"async\" width=\"150\" height=\"150\" class=\"wp-image-753\" style=\"width: 150px;\" src=\"https:\/\/iva.acm.org\/2025\/wp-content\/uploads\/2023\/11\/ravenetbrian-e1700583311395.jpg\" alt=\"\" srcset=\"https:\/\/iva.acm.org\/2025\/wp-content\/uploads\/2023\/11\/ravenetbrian-e1700583311395.jpg 350w, https:\/\/iva.acm.org\/2025\/wp-content\/uploads\/2023\/11\/ravenetbrian-e1700583311395-300x300.jpg 300w, https:\/\/iva.acm.org\/2025\/wp-content\/uploads\/2023\/11\/ravenetbrian-e1700583311395-150x150.jpg 150w\" sizes=\"auto, (max-width: 150px) 100vw, 150px\" \/><\/p>\n\n\n\n<p>Jon Gratch (ICT, Los Angeles, USA) <img loading=\"lazy\" decoding=\"async\" width=\"150\" height=\"210\" class=\"wp-image-1397\" style=\"width: 150px;\" src=\"https:\/\/iva.acm.org\/2025\/wp-content\/uploads\/2025\/01\/jon3.jpg\" alt=\"\"><\/p>\n\n\n\n<hr class=\"wp-block-separator has-alpha-channel-opacity\"\/>\n\n\n\n<p><strong>Web and Social Media Chairs: <\/strong><br><a href=\"mailto:webchair@iva.acm.org\">webchair@iva.acm.org<\/a><br><\/p>\n\n\n\n<p>Florian Pecune (University of Bordeaux, France) <img loading=\"lazy\" decoding=\"async\" width=\"150\" height=\"171\" class=\"wp-image-304\" style=\"width: 150px;\" src=\"https:\/\/iva.acm.org\/2025\/wp-content\/uploads\/2022\/12\/FlorianPecune.jpg\" alt=\"\" srcset=\"https:\/\/iva.acm.org\/2025\/wp-content\/uploads\/2022\/12\/FlorianPecune.jpg 1015w, https:\/\/iva.acm.org\/2025\/wp-content\/uploads\/2022\/12\/FlorianPecune-263x300.jpg 263w, https:\/\/iva.acm.org\/2025\/wp-content\/uploads\/2022\/12\/FlorianPecune-898x1024.jpg 898w, https:\/\/iva.acm.org\/2025\/wp-content\/uploads\/2022\/12\/FlorianPecune-768x875.jpg 768w\" sizes=\"auto, (max-width: 150px) 100vw, 150px\" \/><\/p>\n\n\n\n<p>Laura Hensel (University of Glasgow, UK) <img loading=\"lazy\" decoding=\"async\" width=\"150\" height=\"190\" class=\"wp-image-783\" style=\"width: 150px;\" src=\"https:\/\/iva.acm.org\/2025\/wp-content\/uploads\/2023\/11\/LauraHensel_2.jpeg\" alt=\"\" srcset=\"https:\/\/iva.acm.org\/2025\/wp-content\/uploads\/2023\/11\/LauraHensel_2.jpeg 1045w, https:\/\/iva.acm.org\/2025\/wp-content\/uploads\/2023\/11\/LauraHensel_2-237x300.jpeg 237w, https:\/\/iva.acm.org\/2025\/wp-content\/uploads\/2023\/11\/LauraHensel_2-808x1024.jpeg 808w, https:\/\/iva.acm.org\/2025\/wp-content\/uploads\/2023\/11\/LauraHensel_2-768x974.jpeg 768w\" sizes=\"auto, (max-width: 150px) 100vw, 150px\" \/><\/p>\n\n\n\n<hr class=\"wp-block-separator has-alpha-channel-opacity\"\/>\n\n\n\n<p><strong>Sponsor Chairs:<\/strong><br><a href=\"mailto:sponsorchair@iva.acm.org\">sponsorchair@iva.acm.org<\/a><br><\/p>\n\n\n\n<p>Andreas Schepers (DFKI Berlin, Germany) <img loading=\"lazy\" decoding=\"async\" width=\"150\" height=\"150\" class=\"wp-image-1587\" style=\"width: 150px;\" src=\"https:\/\/iva.acm.org\/2025\/wp-content\/uploads\/2025\/03\/ansc00_10977.jpeg\" alt=\"\" srcset=\"https:\/\/iva.acm.org\/2025\/wp-content\/uploads\/2025\/03\/ansc00_10977.jpeg 1172w, https:\/\/iva.acm.org\/2025\/wp-content\/uploads\/2025\/03\/ansc00_10977-300x300.jpeg 300w, https:\/\/iva.acm.org\/2025\/wp-content\/uploads\/2025\/03\/ansc00_10977-1024x1024.jpeg 1024w, https:\/\/iva.acm.org\/2025\/wp-content\/uploads\/2025\/03\/ansc00_10977-150x150.jpeg 150w, https:\/\/iva.acm.org\/2025\/wp-content\/uploads\/2025\/03\/ansc00_10977-768x768.jpeg 768w\" sizes=\"auto, (max-width: 150px) 100vw, 150px\" \/><\/p>\n\n\n\n<p>Stefan Schaffer (DFKI Berlin, Germany) <img loading=\"lazy\" decoding=\"async\" width=\"150\" height=\"216\" class=\"wp-image-1590\" style=\"width: 150px;\" src=\"https:\/\/iva.acm.org\/2025\/wp-content\/uploads\/2025\/03\/sschaffer01.png\" alt=\"\" srcset=\"https:\/\/iva.acm.org\/2025\/wp-content\/uploads\/2025\/03\/sschaffer01.png 622w, https:\/\/iva.acm.org\/2025\/wp-content\/uploads\/2025\/03\/sschaffer01-209x300.png 209w\" sizes=\"auto, (max-width: 150px) 100vw, 150px\" \/><\/p>\n\n\n\n<hr class=\"wp-block-separator has-alpha-channel-opacity\"\/>\n\n\n\n<p><strong>Demo Chairs: <\/strong><br><a data-type=\"mailto\" data-id=\"mailto:demochairs@iva.acm.org\" href=\"mailto:demochairs@iva.acm.org\">demochairs@iva.acm.org<\/a><br><br>Roel Boumans (Radboud University, Netherlands) <img loading=\"lazy\" decoding=\"async\" width=\"150\" height=\"225\" class=\"wp-image-1489\" style=\"width: 150px;\" src=\"https:\/\/iva.acm.org\/2025\/wp-content\/uploads\/2025\/01\/CW_Roel_klein.jpg\" alt=\"\" srcset=\"https:\/\/iva.acm.org\/2025\/wp-content\/uploads\/2025\/01\/CW_Roel_klein.jpg 300w, https:\/\/iva.acm.org\/2025\/wp-content\/uploads\/2025\/01\/CW_Roel_klein-200x300.jpg 200w\" sizes=\"auto, (max-width: 150px) 100vw, 150px\" \/><\/p>\n\n\n\n<p>Dagmar Sch\u00fcrrer (HTW Berlin, Germany) <img loading=\"lazy\" decoding=\"async\" width=\"150\" height=\"150\" class=\"wp-image-1481\" style=\"width: 150px;\" src=\"https:\/\/iva.acm.org\/2025\/wp-content\/uploads\/2025\/01\/DagmarSchurrer_portrait_\u00a9theartist2023squaresmall.jpg\" alt=\"\" srcset=\"https:\/\/iva.acm.org\/2025\/wp-content\/uploads\/2025\/01\/DagmarSchurrer_portrait_\u00a9theartist2023squaresmall.jpg 2048w, https:\/\/iva.acm.org\/2025\/wp-content\/uploads\/2025\/01\/DagmarSchurrer_portrait_\u00a9theartist2023squaresmall-300x300.jpg 300w, https:\/\/iva.acm.org\/2025\/wp-content\/uploads\/2025\/01\/DagmarSchurrer_portrait_\u00a9theartist2023squaresmall-1024x1024.jpg 1024w, https:\/\/iva.acm.org\/2025\/wp-content\/uploads\/2025\/01\/DagmarSchurrer_portrait_\u00a9theartist2023squaresmall-150x150.jpg 150w, https:\/\/iva.acm.org\/2025\/wp-content\/uploads\/2025\/01\/DagmarSchurrer_portrait_\u00a9theartist2023squaresmall-768x768.jpg 768w, https:\/\/iva.acm.org\/2025\/wp-content\/uploads\/2025\/01\/DagmarSchurrer_portrait_\u00a9theartist2023squaresmall-1536x1536.jpg 1536w, https:\/\/iva.acm.org\/2025\/wp-content\/uploads\/2025\/01\/DagmarSchurrer_portrait_\u00a9theartist2023squaresmall-1200x1200.jpg 1200w, https:\/\/iva.acm.org\/2025\/wp-content\/uploads\/2025\/01\/DagmarSchurrer_portrait_\u00a9theartist2023squaresmall-1980x1980.jpg 1980w\" sizes=\"auto, (max-width: 150px) 100vw, 150px\" \/><\/p>\n\n\n\n<hr class=\"wp-block-separator has-alpha-channel-opacity\"\/>\n\n\n\n<p><strong>Proceedings Chairs:<\/strong> <br><a href=\"mailto:proceedingschairs@iva.acm.org\">proceedingschairs@iva.acm.org<\/a><br><br>Jessica Szczuka (University Duisburg Essen, Germany) <img loading=\"lazy\" decoding=\"async\" width=\"150\" height=\"193\" class=\"wp-image-1565\" style=\"width: 150px;\" src=\"https:\/\/iva.acm.org\/2025\/wp-content\/uploads\/2025\/02\/UDE-0039-9448.jpg\" alt=\"\" srcset=\"https:\/\/iva.acm.org\/2025\/wp-content\/uploads\/2025\/02\/UDE-0039-9448.jpg 1031w, https:\/\/iva.acm.org\/2025\/wp-content\/uploads\/2025\/02\/UDE-0039-9448-233x300.jpg 233w, https:\/\/iva.acm.org\/2025\/wp-content\/uploads\/2025\/02\/UDE-0039-9448-797x1024.jpg 797w, https:\/\/iva.acm.org\/2025\/wp-content\/uploads\/2025\/02\/UDE-0039-9448-768x987.jpg 768w\" sizes=\"auto, (max-width: 150px) 100vw, 150px\" \/><\/p>\n\n\n\n<p>Silvan Mertes (Augsburg University, Germany)<img loading=\"lazy\" decoding=\"async\" width=\"150\" height=\"200\" class=\"wp-image-1987\" style=\"width: 150px;\" src=\"https:\/\/iva.acm.org\/2025\/wp-content\/uploads\/2025\/08\/Mertes_Silvan_h-1.jpg\" alt=\"\" srcset=\"https:\/\/iva.acm.org\/2025\/wp-content\/uploads\/2025\/08\/Mertes_Silvan_h-1.jpg 1500w, https:\/\/iva.acm.org\/2025\/wp-content\/uploads\/2025\/08\/Mertes_Silvan_h-1-225x300.jpg 225w, https:\/\/iva.acm.org\/2025\/wp-content\/uploads\/2025\/08\/Mertes_Silvan_h-1-768x1024.jpg 768w, https:\/\/iva.acm.org\/2025\/wp-content\/uploads\/2025\/08\/Mertes_Silvan_h-1-1152x1536.jpg 1152w, https:\/\/iva.acm.org\/2025\/wp-content\/uploads\/2025\/08\/Mertes_Silvan_h-1-1200x1600.jpg 1200w\" sizes=\"auto, (max-width: 150px) 100vw, 150px\" \/><\/p>\n\n\n\n<hr class=\"wp-block-separator has-alpha-channel-opacity\"\/>\n\n\n\n<p><strong>Finance Chairs: <\/strong><br><br>Mathieu Chollet (Glasgow University, UK). <img loading=\"lazy\" decoding=\"async\" width=\"150\" height=\"200\" class=\"wp-image-784\" style=\"width: 150px;\" src=\"https:\/\/iva.acm.org\/2025\/wp-content\/uploads\/2023\/11\/mathieu_chollet_color.jpg\" alt=\"\" srcset=\"https:\/\/iva.acm.org\/2025\/wp-content\/uploads\/2023\/11\/mathieu_chollet_color.jpg 864w, https:\/\/iva.acm.org\/2025\/wp-content\/uploads\/2023\/11\/mathieu_chollet_color-225x300.jpg 225w, https:\/\/iva.acm.org\/2025\/wp-content\/uploads\/2023\/11\/mathieu_chollet_color-768x1024.jpg 768w\" sizes=\"auto, (max-width: 150px) 100vw, 150px\" \/><\/p>\n\n\n\n<p><br><\/p>\n\n\n\n<p><br><\/p>\n\n\n\n<p><\/p>\n\n\n\n<p><\/p>\n\n\n\n<p><\/p>\n","protected":false},"excerpt":{"rendered":"<p>Organizing Committee (organizers@iva.acm.org) General Chairs: generalchairs@iva.acm.org Patrick Gebhard (DFKI Saarbr\u00fccken, Germany) Tanja Schneeberger (DFKI Berlin, Germany) Program Chairs: programmchairs@iva.acm.org Michael Schmitz (HBK Saarbr\u00fccken, Germany) Beatrice Biancardi (CESI LINEACT, Nanterre, France) Zerrin Yumak (Utrecht University, Netherlands) Nicolas Sabouret (Universit\u00e9 Paris-Saclay, France) Poster Chairs: posterchairs@iva.acm.org Andrea B\u00f6nsch (RWTH Aachen, Germany) Pablo Dornhege (HTW Berlin, Germany) Local Chairs:localchairs@iva.acm.org [&hellip;]<\/p>\n","protected":false},"author":1,"featured_media":0,"parent":0,"menu_order":0,"comment_status":"closed","ping_status":"closed","template":"templates\/template-full-width.php","meta":{"om_disable_all_campaigns":false,"_monsterinsights_skip_tracking":false,"_monsterinsights_sitenote_active":false,"_monsterinsights_sitenote_note":"","_monsterinsights_sitenote_category":0,"footnotes":""},"class_list":["post-145","page","type-page","status-publish","hentry"],"aioseo_notices":[],"_links":{"self":[{"href":"https:\/\/iva.acm.org\/2025\/wp-json\/wp\/v2\/pages\/145","targetHints":{"allow":["GET"]}}],"collection":[{"href":"https:\/\/iva.acm.org\/2025\/wp-json\/wp\/v2\/pages"}],"about":[{"href":"https:\/\/iva.acm.org\/2025\/wp-json\/wp\/v2\/types\/page"}],"author":[{"embeddable":true,"href":"https:\/\/iva.acm.org\/2025\/wp-json\/wp\/v2\/users\/1"}],"replies":[{"embeddable":true,"href":"https:\/\/iva.acm.org\/2025\/wp-json\/wp\/v2\/comments?post=145"}],"version-history":[{"count":78,"href":"https:\/\/iva.acm.org\/2025\/wp-json\/wp\/v2\/pages\/145\/revisions"}],"predecessor-version":[{"id":1988,"href":"https:\/\/iva.acm.org\/2025\/wp-json\/wp\/v2\/pages\/145\/revisions\/1988"}],"wp:attachment":[{"href":"https:\/\/iva.acm.org\/2025\/wp-json\/wp\/v2\/media?parent=145"}],"curies":[{"name":"wp","href":"https:\/\/api.w.org\/{rel}","templated":true}]}}