{"id":584,"date":"2023-08-15T13:01:18","date_gmt":"2023-08-15T13:01:18","guid":{"rendered":"https:\/\/iva.acm.org\/2023\/?page_id=584"},"modified":"2024-09-19T10:44:32","modified_gmt":"2024-09-19T10:44:32","slug":"accepted-papers","status":"publish","type":"page","link":"https:\/\/iva.acm.org\/2024\/accepted-papers\/","title":{"rendered":"Accepted Papers and Demos"},"content":{"rendered":"\n<h1 style=\"font-size:3em;\">Accepted Papers and Demos<\/h1>\n\n\n\n<p><strong>Accepted long papers<\/strong><\/p>\n\n\n\n<p>Let me finish first &#8211; The effect of interruption-handling strategy on the perceived personality of a social agent. <em>Ronald Cumbal, Reshmashree Kantharaju, Maike Paetzel-Pr\u00fcsmann and James Kennedy<\/em><\/p>\n\n\n\n<p>GeSTICS: A Multimodal Corpus for Studying Gesture Synthesis in Two-party Interactions with Contextualized Speech. <em>Gaoussou Youssouf Kebe, Mehmet Deniz Birlikci, Auriane Boudin, Ryo Ishii, Jeffrey M. Girard and Louis-Philippe Morency<\/em><\/p>\n\n\n\n<p>Focus Agent: LLM-Powered Virtual Focus Group. <em>Taiyu Zhang, Xuesong Zhang, Robbe Cools and Adalberto Simeone<\/em><\/p>\n\n\n\n<p>The Case of the Curious Robot: On the Social Viability of Curious Behavior in Non-Human Agents. <em>Kevin Weatherwax, Douglas Dooley, Elin Carstensdottir and Leila Takayama<\/em><\/p>\n\n\n\n<p>Virtual agents for studying the effect of&nbsp; emotional feedback on motor learning: a feasibility study. <em>Tal Krasovsky, Michal Kafri, Moshe H. Aharoni and Arik Cheshin<\/em><\/p>\n\n\n\n<p>Keeping Users Engaged During Repeated Interviews by a Virtual Agent: Using Large Language Models to Reliably Diversify Questions. <em>Hye Sun Yun, Mehdi Arjmand, Phillip Sherlock, Michael Paasche-Orlow, James Griffith and Timothy Bickmore<\/em><\/p>\n\n\n\n<p>Modifying Gesture Style with Impression Words. <em>Jie Zeng, Yoshiki Takahashi, Yukiko Nakano, Tatsuya Sakato and Hannes H\u00f6gni Vilhj\u00e1lmsson<\/em><\/p>\n\n\n\n<p><strong style=\"white-space: normal;\"><em>BEST PAPER AWARD:<\/em><\/strong>\u00a0Virtual Agents for Alcohol Use Counseling: Exploring LLM-Powered Motivational Interviewing. <em>Ian Steenstra, Farnaz Nouraei, Mehdi Arjmand and Timothy Bickmore<\/em><\/p>\n\n\n\n<p>A Gaze into Argumentative Chatbots: Exploring the Influence of Challenger Arguments on Reflection and Attention. <em>Klaus Weber, Natalie Hogh, Cristina Conati and Elisabeth Andre<\/em><\/p>\n\n\n\n<p>A Systematic Review on the Socio-affective Perception of IVAs&#8217; Multi-modal behaviour. <em>Elodie Etienne, Marion Ristorcelli, Sarah Saufnay, Aur\u00e9lien Quilez, R\u00e9my Casanova, Michael Schyns and Magalie Ochs<\/em><\/p>\n\n\n\n<p>Enhancing Trust towards the Police through Interaction with Virtual Agents &#8211; Investigating the Ingroup Effect with Mixed-Cultural Individuals. <em>Birgit Lugrin, Elisabeth Ganal, Maximilian Baumann, Anastasia Fiolka and Tobias Haase<\/em><\/p>\n\n\n\n<p><strong><em>BEST PAPER NOMINEE:<\/em><\/strong> An Intelligent Pedagogical Agent for In-The-Wild Interaction in an Open-Ended Learning Environment for Computational Thinking. <em>Rohit Murali, S\u00e9bastien Lall\u00e9 and Cristina Conati<\/em><\/p>\n\n\n\n<p>Empathic Grounding &#8211; Explorations using Multimodal Interaction and Large Language Models with Conversational Agents. <em>Mehdi Arjmand, Farnaz Nouraei, Ian Steenstra and Timothy Bickmore<\/em><\/p>\n\n\n\n<p><strong><em>BEST PAPER NOMINEE:<\/em><\/strong> The Applicability of Using Virtual Social Contexts as Stimuli and Training Material for Social Context Research. <em>Elisabeth Ganal, Anastasia Fiolka, Anika Christen and Birgit Lugrin<\/em><\/p>\n\n\n\n<p>Conformity and Trust in Multi-party vs. Individual Human-Robot Interaction. <em>Alireza M. Kamelabad, Olov Engwall and Gabriel Skantze<\/em><\/p>\n\n\n\n<p>Exploring the Potential of Virtual Agents in Atrial Fibrillation Management: Insights from a Randomized Trial. <em>Mina Fallah, Timothy Bickmore, Stefan Olafsson, Michael Paasche-Orlow, Andrew Joseph Mrkva and Jared W. Magnani<\/em><\/p>\n\n\n\n<p>Pitfalls of Embodiment in Human-Agent Experiment Design. <em>James Hale, Lindsey Schweitzer and Jonathan Gratch<\/em><\/p>\n\n\n\n<p>Exploring Theory of Mind in Large Language Models through Multimodal Negotiation. <em>Nutchanon Yongsatianchot, Tobias Thejll-Madsen and Stacy Marsella<\/em><\/p>\n\n\n\n<p>Effect of a Virtual Agent\u2019s Appearance and Voice on Uncanny Valley and Trust in Human-Agent Collaboration. <em>Maryam Alimardani, Robyn de Roode, Julija Vaitonyt\u0117 and Max M. Louwerse<\/em><\/p>\n\n\n\n<p>Investigating the Impact of Multimodal Feedback on User-Perceived Latency and Immersion with LLM-Powered Socially Interactive Agents in Virtual Reality. <em>Morad Elfleet and Mathieu Chollet<\/em><\/p>\n\n\n\n<p>On LLM Wizards: Identifying Large Language Models\u2019 Behaviors for Wizard of Oz Experiments. <em>Jingchao Fang, Nikos Arechiga, Keiichi Namikoshi, Nayeli Bravo, Candice Hogan and David A. Shamma<\/em><\/p>\n\n\n\n<hr class=\"wp-block-separator has-alpha-channel-opacity\"\/>\n\n\n\n<p><strong>Accepted extendend abstracts<\/strong> <strong>with oral presentation<\/strong><\/p>\n\n\n\n<p>Building Conversational Agents for Stroke Rehabilitation: An Evaluation of Large Language Models and Retrieval Augmented Generation. <em>Alexandra Retevoi, Giada Devittori, Tobias Kowatsch and Olivier Lambercy<\/em><\/p>\n\n\n\n<p>Memory with Meaning: Enabling Value-Centric Long-Term Human-Agent Dialogue. <em>Tom Saveur, Agnes Axelsson, Franziska Burger, Mark Neerincx and Catharine Oertel<\/em> &nbsp;&nbsp; &nbsp;<\/p>\n\n\n\n<p>2D or not 2D: How Does the Dimensionality of Gesture Representation Affect 3D Co-Speech Gesture Generation?. <em>T\u00e9o Guichoux, Laure Soulier, Nicolas Obin and Catherine Pelachaud<\/em> &nbsp; &nbsp;<\/p>\n\n\n\n<p>Quantitative and qualitative evaluation of the acceptability of an Embodied Conversational Agent for insomnia screening. <em>Charlotte Menard, Julien Coelho, Etienne De Sevin, Yannick Levavasseur, Pierre Philip and Florian Pecune &nbsp;<\/em><\/p>\n\n\n\n<p>LittleGenius: Co-Designing a GPT-4 Enhanced VR Pedagogical Framework with Teachers for Primary Education. <em>Laduona Dai, Merel M. Jung, Marie \u0160af\u00e1\u0159 Postma, Janneke van der Loo and Max M. Louwerse &nbsp; &nbsp;<\/em><\/p>\n\n\n\n<p>Exploring Influence of Social Anxiety on Embodied Face Perception during Affective Social Interactions in VR. <em>Damla Kuleli, Fred Charles, Liucheng Guo, Laura Vuillier, Chang Hong Liu, Nicola Gregory and Xun He &nbsp; &nbsp;<\/em><\/p>\n\n\n\n<p>Viv: A Stanislavskian Performance System for Nonplayer Characters through Defeasible Logic. <em>Kyle Mitchell and Joshua McCoy<\/em> &nbsp;<\/p>\n\n\n\n<p>Investigating User Perceptions of Collaborative Agenda Setting in Virtual Health Counseling Session. <em>Mina Fallah, Farnaz Nouraei, Hye Sun Yun and Timothy Bickmore&nbsp;<\/em><\/p>\n\n\n\n<p>Enhancing Empathic Communication in Healthcare Education Through Virtual Human Interactions: Leveraging Large Language Models for Real-Time Feedback. <em>Heng Yao, Alexandre Gomes de Siqueira, Margeaux Johnson, Roberta Pileggi, Amy Blue, Michael D. Bumbach, Rene Love and Benjamin Lok &nbsp;<\/em><\/p>\n\n\n\n<hr class=\"wp-block-separator has-alpha-channel-opacity\"\/>\n\n\n\n<p><strong>Accepted posters<\/strong><\/p>\n\n\n\n<p>A Computational Study on Sentence-based Next Speaker Prediction in Multiparty Conversations. <em>Meng-Chen Lee, Wu Angela Li and Zhigang Deng<\/em><\/p>\n\n\n\n<p>A Study on Integrating Representational Gestures into Automatically Generated Embodied Explanations. <em>Amelie Sophie Robrecht, Hendric Voss, Lisa Gottschalk and Stefan Kopp<\/em><\/p>\n\n\n\n<p>Simulating Patient Oral Dialogues: A Study on Naturalness and Coherence of Conditioned Large Language Models. <em>Lucie Galland, Catherine Pelachaud and Florian Pecune<\/em><\/p>\n\n\n\n<p>Training Social Skills With a Social Robot: An Experimental Study on the Perception of a Virtual Robot\u2019s Different Training Styles and Roles. <em>Aike Horstmann<\/em><\/p>\n\n\n\n<p>German and Dutch Translations of the Artificial-Social-Agent Questionnaire Instrument for Evaluating Human-Agent Interactions. <em>Nele Albers, Andrea B\u00f6nsch, Jonathan Ehret, Boleslav A. Khodakov and Willem-Paul Brinkman<\/em><\/p>\n\n\n\n<p>Is That True? Toward Real-Time Speech Indicators of Trust in Child-Robot Interaction. <em>Ella Velner, Thomas Beelen, Bob Schadenberg, Roeland Ordelman, Theo Huibers, Khiet P. Truong, and Vanessa Evers&nbsp;&nbsp;&nbsp;<\/em><\/p>\n\n\n\n<p>Towards situated behavior generation in virtual agents. <em>Anna Deichler, Simon Alexanderson and Jonas Beskow<\/em><\/p>\n\n\n\n<p>Interaction with a Virtual Human Alters Human\u2019s Real-life Social Network Structure. <em>Ming-Cheng Miao, Shu-Ye Chen, Qi Chang, Yi-He Gu, Chen Zhou and Shu-Guang Kuai<\/em><\/p>\n\n\n\n<p>Designing Conversational Agents to Empower Active Aging. <em>Stefano Valtolina, Paolo Zanotti and Stefano Mandelli<\/em><\/p>\n\n\n\n<p>Empathic Dialog Systems for Patient Intake: Balancing Task-Completion and Emotional Support using RAGs. <em>Minoo Shayaninasab, Maryiam Zahoor and \u00d6zge Nilay Yal\u00e7\u0131n<\/em><\/p>\n\n\n\n<p>Towards Asynchronous VR Collaboration with Virtual Agents as Placeholder Users. <em>Sharmistha Bhattacharya<\/em><\/p>\n\n\n\n<p>The Problem of Emotional Induction Across Online Subject Populations: A Case Study in Guilt and Anger. <em>Harris Layson, Nusrath Jahan and Johnathan Mell<\/em><\/p>\n\n\n\n<p>Aware Intelligent Virtual Agent\u2019s Effect on Social Presence and Empathy of Caregivers. <em>Asif Ahmmed, Erica Butts, Kimia Naeiji, Ladda Thiamwong, Julie Ancis and Salam Daher<\/em><\/p>\n\n\n\n<p>Exploring the Impact of Non-Verbal Virtual Agent Behavior on User Engagement in Argumentative Dialogues. <em>Annalena Aicher, Yuki Matsuda, Keiichi Yasumoto, Wolfgang Minker, Elisabeth Andr\u00e9 and Stefan Ultes<\/em><\/p>\n\n\n\n<p>A Virtual Agent as a Commensal Companion. <em>Maurizio Mancini, Radoslaw Niewiadomski, Gabriele De Lucia and Francesco Maria Longobardi<\/em><\/p>\n\n\n\n<p>Case study in choosing a graphical character to support reminiscence therapy for those living with dementia. <em>Matthew Aylett, Katerina Pappa, Mei Yii Lim, Ruth Aylett, Bruce Wilson and Mario Parra<\/em><\/p>\n\n\n\n<p>A Holistic Evaluation Methodology for Multi-Party Spoken Conversational Agents. <em>Nancie Gunson, Angus Addlessee, Daniel Hernandez Garcia, Marta Romeo, Christian Dondrup and Oliver Lemon<\/em><\/p>\n\n\n\n<hr class=\"wp-block-separator has-alpha-channel-opacity\"\/>\n\n\n\n<p><strong>Accepted demos<\/strong><\/p>\n\n\n\n<p>A Linguistically Motivated Approach to Hybrid Conversational AI with the FANTASIA Plugin <br><em>Antonio Origlia, Maria Di Maro<\/em><\/p>\n\n\n\n<p>Estuary: A Multimodal Framework For Building Low-Latency Real-Time Socially Interactive Agents <br><em>Spencer Lin, Andy Artze, Basem Rizk, Caitl\u00edn Sullivan, Scott Fisher, Miru Jun, Sharon Mozgai<\/em><\/p>\n\n\n\n<p>OUTCOME Virtual: a tOol for aUTomatically creating virtual Character animatiOns\u2019 from huMan vidEos <br><em>Auriane Boudin, Jean-Marie Pergandi, Ivan Derban, Philippe Blache, Alexandre D\u2019Ambra Magalie Ochs<\/em><\/p>\n\n\n\n<p>A Cognitive Conversational Agent for Training Child Helpline Volunteers <br><em>Mohammed Al Owayyed, Myrthe Tielman,&nbsp; Alex Despan, Willem-Paul Brinkman&nbsp;<\/em><\/p>\n\n\n\n<p>Demonstration of the AMPER System for Individuals with Alzheimer\u2019s Disease <br><em>Bruce W. Wilson, Matthew Aylett, Mei Yii Lim, Mario Parra Rodriguez, Katerina Pappa, Ruth S. Aylett<\/em><\/p>\n\n\n\n<p>REVITALISE: viRtual bEhaVioral skIlls TrAining for pubLIc SpEaking <br><em>Magalie Ochs, Manon Vessiot, Marion Ristorcelli, R\u00e9my Casanova, Alexandre D&#8217;Ambra, Jean-Marie Pergandi&nbsp;<\/em><\/p>\n\n\n\n<p>Demo: Integration of LLMs with Virtual Character Embodiment <br><em>James Hale, Lindsey Schweitzer, Jonathan Gratch&nbsp;<\/em><\/p>\n\n\n\n<p>A virtual agent as a friendly neighbor <br><em>Roel Boumans, Tibor Bosse<\/em><\/p>\n","protected":false},"excerpt":{"rendered":"<p>Accepted Papers and Demos Accepted long papers Let me finish first &#8211; The effect of interruption-handling strategy on the perceived personality of a social agent. Ronald Cumbal, Reshmashree Kantharaju, Maike Paetzel-Pr\u00fcsmann and James Kennedy GeSTICS: A Multimodal Corpus for Studying Gesture Synthesis in Two-party Interactions with Contextualized Speech. Gaoussou Youssouf Kebe, Mehmet Deniz Birlikci, Auriane [&hellip;]<\/p>\n","protected":false},"author":1,"featured_media":0,"parent":0,"menu_order":0,"comment_status":"closed","ping_status":"closed","template":"templates\/template-full-width.php","meta":{"om_disable_all_campaigns":false,"_monsterinsights_skip_tracking":false,"_monsterinsights_sitenote_active":false,"_monsterinsights_sitenote_note":"","_monsterinsights_sitenote_category":0,"footnotes":""},"class_list":["post-584","page","type-page","status-publish","hentry"],"aioseo_notices":[],"_links":{"self":[{"href":"https:\/\/iva.acm.org\/2024\/wp-json\/wp\/v2\/pages\/584","targetHints":{"allow":["GET"]}}],"collection":[{"href":"https:\/\/iva.acm.org\/2024\/wp-json\/wp\/v2\/pages"}],"about":[{"href":"https:\/\/iva.acm.org\/2024\/wp-json\/wp\/v2\/types\/page"}],"author":[{"embeddable":true,"href":"https:\/\/iva.acm.org\/2024\/wp-json\/wp\/v2\/users\/1"}],"replies":[{"embeddable":true,"href":"https:\/\/iva.acm.org\/2024\/wp-json\/wp\/v2\/comments?post=584"}],"version-history":[{"count":20,"href":"https:\/\/iva.acm.org\/2024\/wp-json\/wp\/v2\/pages\/584\/revisions"}],"predecessor-version":[{"id":1344,"href":"https:\/\/iva.acm.org\/2024\/wp-json\/wp\/v2\/pages\/584\/revisions\/1344"}],"wp:attachment":[{"href":"https:\/\/iva.acm.org\/2024\/wp-json\/wp\/v2\/media?parent=584"}],"curies":[{"name":"wp","href":"https:\/\/api.w.org\/{rel}","templated":true}]}}