{"id":30,"date":"2022-11-09T14:51:32","date_gmt":"2022-11-09T14:51:32","guid":{"rendered":"https:\/\/iva.acm.org\/2023\/?page_id=30"},"modified":"2023-09-08T07:38:14","modified_gmt":"2023-09-08T07:38:14","slug":"venue","status":"publish","type":"page","link":"https:\/\/iva.acm.org\/2023\/venue\/","title":{"rendered":"Venue"},"content":{"rendered":"\n<h1 style=\"font-size:3em;\">Venue<\/h1>\n\n\n\n<p><strong>W\u00fcrzburg<\/strong><\/p>\n\n\n\n<p>W\u00fcrzburg is a vibrant town located by the river Main in northern Bavaria, between Frankfurt and Nuremberg. The mix of stunning historical architecture and the young population is what makes the atmosphere so unique, including 35,000 students from three different universities. The mild and sunny climate is ideal to enjoy the many activities W\u00fcrzburg has to offer: visiting a beer garden next to the river, attending a sporting or cultural event or taking a stroll through one of the parks.<\/p>\n\n\n\n<figure class=\"wp-block-gallery has-nested-images columns-default is-cropped wp-block-gallery-1 is-layout-flex wp-block-gallery-is-layout-flex\">\n<figure class=\"wp-block-image size-large\"><img loading=\"lazy\" decoding=\"async\" width=\"1024\" height=\"681\" data-id=\"90\" src=\"https:\/\/iva.acm.org\/2023\/wp-content\/uploads\/2022\/11\/34598_s-1024x681.jpg\" alt=\"\" class=\"wp-image-90\" srcset=\"https:\/\/iva.acm.org\/2023\/wp-content\/uploads\/2022\/11\/34598_s-1024x681.jpg 1024w, https:\/\/iva.acm.org\/2023\/wp-content\/uploads\/2022\/11\/34598_s-300x199.jpg 300w, https:\/\/iva.acm.org\/2023\/wp-content\/uploads\/2022\/11\/34598_s-768x511.jpg 768w, https:\/\/iva.acm.org\/2023\/wp-content\/uploads\/2022\/11\/34598_s-1536x1021.jpg 1536w, https:\/\/iva.acm.org\/2023\/wp-content\/uploads\/2022\/11\/34598_s-2048x1362.jpg 2048w, https:\/\/iva.acm.org\/2023\/wp-content\/uploads\/2022\/11\/34598_s-1200x798.jpg 1200w, https:\/\/iva.acm.org\/2023\/wp-content\/uploads\/2022\/11\/34598_s-1980x1316.jpg 1980w\" sizes=\"auto, (max-width: 1024px) 100vw, 1024px\" \/><figcaption class=\"wp-element-caption\"><sub>Copyright Pressestelle Universit\u00e4t W\u00fcrzburg<\/sub><\/figcaption><\/figure>\n\n\n\n<figure class=\"wp-block-image size-large\"><img loading=\"lazy\" decoding=\"async\" width=\"1024\" height=\"768\" data-id=\"80\" src=\"https:\/\/iva.acm.org\/2023\/wp-content\/uploads\/2022\/11\/35231-1024x768.jpg\" alt=\"\" class=\"wp-image-80\" srcset=\"https:\/\/iva.acm.org\/2023\/wp-content\/uploads\/2022\/11\/35231-1024x768.jpg 1024w, https:\/\/iva.acm.org\/2023\/wp-content\/uploads\/2022\/11\/35231-300x225.jpg 300w, https:\/\/iva.acm.org\/2023\/wp-content\/uploads\/2022\/11\/35231-768x576.jpg 768w, https:\/\/iva.acm.org\/2023\/wp-content\/uploads\/2022\/11\/35231-1536x1152.jpg 1536w, https:\/\/iva.acm.org\/2023\/wp-content\/uploads\/2022\/11\/35231-1200x900.jpg 1200w, https:\/\/iva.acm.org\/2023\/wp-content\/uploads\/2022\/11\/35231.jpg 1772w\" sizes=\"auto, (max-width: 1024px) 100vw, 1024px\" \/><figcaption class=\"wp-element-caption\"><sub>Copyright Pressestelle Universit\u00e4t W\u00fcrzburg<\/sub><\/figcaption><\/figure>\n\n\n\n<figure class=\"wp-block-image size-large\"><img loading=\"lazy\" decoding=\"async\" width=\"1024\" height=\"683\" data-id=\"91\" src=\"https:\/\/iva.acm.org\/2023\/wp-content\/uploads\/2022\/11\/35001.jpg\" alt=\"\" class=\"wp-image-91\" srcset=\"https:\/\/iva.acm.org\/2023\/wp-content\/uploads\/2022\/11\/35001.jpg 1024w, https:\/\/iva.acm.org\/2023\/wp-content\/uploads\/2022\/11\/35001-300x200.jpg 300w, https:\/\/iva.acm.org\/2023\/wp-content\/uploads\/2022\/11\/35001-768x512.jpg 768w\" sizes=\"auto, (max-width: 1024px) 100vw, 1024px\" \/><figcaption class=\"wp-element-caption\"><sub>Copyright Pressestelle Universit\u00e4t W\u00fcrzburg<\/sub><\/figcaption><\/figure>\n<\/figure>\n\n\n\n<p>Over the years, W\u00fcrzburg has been home to many well-known personalities. Artists whose names are inextricably linked to W\u00fcrzburg are Tilman Riemenschneider and Balthasar Neumann. Wilhelm Conrad R\u00f6ntgen discovered the X-rays in the local Institute of Physics. W\u00fcrzburg is also the birthplace of physicist Werner Heisenberg and basketball player Dirk Nowitzki. W\u00fcrzburg is the gateway to the Romantic Road, a 350 km long route linking cultural treasures and picturesque landscapes. The Romantic Road connects the beautiful Franconian Wine Country, the world-famous fairy-tale castle Neuschwanstein, the Fugger city of Augsburg and the medieval town of Rothenburg ob der Tauber.<\/p>\n\n\n\n<p><strong>Conference venue<\/strong><\/p>\n\n\n\n<p>Built from 1720 to 1744 according to plans by Balthasar Neumann, the Residenz is the main work of the southern German Baroque and, along with the palaces of Sch\u00f6nbrunn and Versailles, one of the most important palaces of the late Baroque. In 1981, it was the third German building to be declared a World Heritage Site by UNESCO. For the famous cantilevered staircase, the most important fresco painter of his time, Giovanni Battista Tiepolo, created the largest continuous ceiling fresco in the world, an allegory of the four continents, from 1751 to 1753.<\/p>\n\n\n\n<p>The unique room compositions of the Imperial Hall and White Hall were influenced not only by Neumann and Tiepolo, but above all by the outstanding work of the court stuccoist Antonio Giuseppe Bossi. The Toscana Hall was built in the style of his origins by the Grand Duke Ferdinand III of Tuscany, who was expelled from Florence in 1806, during his regency of the then Grand Duchy of W\u00fcrzburg, before he regained his Duchy of Tuscany after eight years. <\/p>\n\n\n\n<p><strong>The conference itself will be hosted within the Toscana Hall of the Residenz<\/strong>. <strong>Participants of the conference have to use one of the side-entrances of the Residence to enter the Toscana Hall. Our side entrance is located on the right side of the building when facing it frontally from the parking lot.<\/strong><\/p>\n\n\n\n<figure class=\"wp-block-gallery has-nested-images columns-default is-cropped wp-block-gallery-2 is-layout-flex wp-block-gallery-is-layout-flex\">\n<figure class=\"wp-block-image size-large\"><img loading=\"lazy\" decoding=\"async\" width=\"1024\" height=\"246\" data-id=\"193\" src=\"https:\/\/iva.acm.org\/2023\/wp-content\/uploads\/2022\/11\/1024px-Wurzburger_Residenz_Gartenfront.jpg\" alt=\"\" class=\"wp-image-193\" srcset=\"https:\/\/iva.acm.org\/2023\/wp-content\/uploads\/2022\/11\/1024px-Wurzburger_Residenz_Gartenfront.jpg 1024w, https:\/\/iva.acm.org\/2023\/wp-content\/uploads\/2022\/11\/1024px-Wurzburger_Residenz_Gartenfront-300x72.jpg 300w, https:\/\/iva.acm.org\/2023\/wp-content\/uploads\/2022\/11\/1024px-Wurzburger_Residenz_Gartenfront-768x185.jpg 768w\" sizes=\"auto, (max-width: 1024px) 100vw, 1024px\" \/><\/figure>\n<\/figure>\n\n\n\n<p><strong>Accessibility <\/strong><\/p>\n\n\n\n<p>Unfortunately the conference rooms will only be accessible via stairs, due to ongoing construction work on the lift. Should you require assistance, please contact <a href=\"mailto:generalchairs@iva.acm.org\">generalchairs@iva.acm.org<\/a> as soon as possible. <\/p>\n\n\n\n<p><strong>Travel Information<\/strong><\/p>\n\n\n\n<p>The nearest airports to W\u00fcrzburg are Frankfurt (120 km, recommended), N\u00fcrnberg (100 km), Stuttgart (150 km) and Munich (280 km). From there you can get to W\u00fcrzburg directly by train. W\u00fcrzburg provides an excellent public transportation system. The Residenz is located within the W\u00fcrzburg downtown area and can be reached by foot (1,5 km from the train station), bus-lines (12, 14, 20, 28 &#8211; to station &#8220;Mainfranken Theater&#8221;), or tram-lines (1, 3, 5 &#8211; to station &#8220;Dom&#8221;). <\/p>\n\n\n\n<p><br>There is no predetermined conference hotel, however there are many hotels in the downtown area of W\u00fcrzburg from which the Residence can be reached by foot. <\/p>\n\n\n\n<figure class=\"wp-block-image alignwide size-large\"><img loading=\"lazy\" decoding=\"async\" width=\"1024\" height=\"644\" src=\"https:\/\/iva.acm.org\/2023\/wp-content\/uploads\/2023\/03\/Hotels_Map-1024x644.png\" alt=\"\" class=\"wp-image-455\" srcset=\"https:\/\/iva.acm.org\/2023\/wp-content\/uploads\/2023\/03\/Hotels_Map-1024x644.png 1024w, https:\/\/iva.acm.org\/2023\/wp-content\/uploads\/2023\/03\/Hotels_Map-300x189.png 300w, https:\/\/iva.acm.org\/2023\/wp-content\/uploads\/2023\/03\/Hotels_Map-768x483.png 768w, https:\/\/iva.acm.org\/2023\/wp-content\/uploads\/2023\/03\/Hotels_Map.png 1049w\" sizes=\"auto, (max-width: 1024px) 100vw, 1024px\" \/><\/figure>\n","protected":false},"excerpt":{"rendered":"<p>Venue W\u00fcrzburg W\u00fcrzburg is a vibrant town located by the river Main in northern Bavaria, between Frankfurt and Nuremberg. The mix of stunning historical architecture and the young population is what makes the atmosphere so unique, including 35,000 students from three different universities. The mild and sunny climate is ideal to enjoy the many activities [&hellip;]<\/p>\n","protected":false},"author":1,"featured_media":0,"parent":0,"menu_order":0,"comment_status":"closed","ping_status":"closed","template":"templates\/template-full-width.php","meta":{"_monsterinsights_skip_tracking":false,"_monsterinsights_sitenote_active":false,"_monsterinsights_sitenote_note":"","_monsterinsights_sitenote_category":0,"footnotes":""},"class_list":["post-30","page","type-page","status-publish","hentry"],"aioseo_notices":[],"_links":{"self":[{"href":"https:\/\/iva.acm.org\/2023\/wp-json\/wp\/v2\/pages\/30","targetHints":{"allow":["GET"]}}],"collection":[{"href":"https:\/\/iva.acm.org\/2023\/wp-json\/wp\/v2\/pages"}],"about":[{"href":"https:\/\/iva.acm.org\/2023\/wp-json\/wp\/v2\/types\/page"}],"author":[{"embeddable":true,"href":"https:\/\/iva.acm.org\/2023\/wp-json\/wp\/v2\/users\/1"}],"replies":[{"embeddable":true,"href":"https:\/\/iva.acm.org\/2023\/wp-json\/wp\/v2\/comments?post=30"}],"version-history":[{"count":22,"href":"https:\/\/iva.acm.org\/2023\/wp-json\/wp\/v2\/pages\/30\/revisions"}],"predecessor-version":[{"id":639,"href":"https:\/\/iva.acm.org\/2023\/wp-json\/wp\/v2\/pages\/30\/revisions\/639"}],"wp:attachment":[{"href":"https:\/\/iva.acm.org\/2023\/wp-json\/wp\/v2\/media?parent=30"}],"curies":[{"name":"wp","href":"https:\/\/api.w.org\/{rel}","templated":true}]}}