{"id":113,"date":"2022-11-16T10:51:49","date_gmt":"2022-11-16T10:51:49","guid":{"rendered":"https:\/\/iva.acm.org\/2023\/?page_id=113"},"modified":"2023-09-13T10:51:16","modified_gmt":"2023-09-13T10:51:16","slug":"detailed-program","status":"publish","type":"page","link":"https:\/\/iva.acm.org\/2023\/detailed-program\/","title":{"rendered":"Detailed Program"},"content":{"rendered":"\n<h1 style=\"font-size:3em;\">Detailed Program<\/h1>\n\n\n\n<p><strong>Empirical Studies 1 (Oral)<\/strong> &#8211; Wednesday, Sep 20 10:45-12:30<br><strong>Session chair:<\/strong> Jon Gratch<\/p>\n\n\n\n<p>Effect of Avatar Facial Expressiveness on Team Collaboration in Virtual Reality &#8211; Hugo Le Tarnec, Elisabetta Bevacqua, Olivier Augereau and Pierre De Loor<\/p>\n\n\n\n<p>Who\u2019s next? Integrating Non-Verbal Turn-Taking Cues for Embodied Conversational Agents &#8211; Jonathan Ehret, Andrea B\u00f6nsch, Patrick Nossol, Cosima A. Ermert, Chinthusa Mohanathasan, Sabine J. Schlittmeier, Janina Fels and Torsten W. Kuhlen<\/p>\n\n\n\n<p>Changing Parent Attitudes Towards HPV Vaccination by Including Adolescents in Multiparty Counseling using Virtual Agents &#8211; Ian Steenstra, Prasanth Murali, Rebecca Perkins, Natalie Joseph, Michael Paasche-Orlow and Timothy Bickmore<\/p>\n\n\n\n<p> Fast Friends: Generating Interpersonal Closeness between Humans and Socially Interactive Agents &#8211; Tanja Schneeberger, Anna Lea Reinwarth, Robin Wensky, Manuel Silvio Anglet, Patrick Gebhard and Janet Wessler<\/p>\n\n\n\n<p>A Study on the Benefits and Drawbacks of Adaptivity in AI-generated Explanations &#8211; Amelie Robrecht, Markus Rothg\u00e4nger and Stefan Kopp<\/p>\n\n\n\n<p><strong>Computational Models 1 (Oral)<\/strong> &#8211; Wednesday, Sep 20 14:00-15:30<br><strong>Session chair:<\/strong> Joao Dias<\/p>\n\n\n\n<p>XAI to Increase the Effectiveness of an Intelligent Pedagogical Agent &#8211; John Hostetter, Cristina Conati, Xi Yang, Mark Abdelshiheed, Tiffany Barnes and Min Chi<\/p>\n\n\n\n<p>Evaluating a Model of Pathological Affect based on Pedagogical Situations for a Virtual Patient &#8211; Amine Benamara, Jean-Claude Martin, Prigent Elise and Brian Ravenet<\/p>\n\n\n\n<p>Emotional mimicry as a proxy measurement for pro-social indicators of trust, empathy, liking and altruism &#8211; Nora Elizabeth Joby and Hiroyuki Umemuro<\/p>\n\n\n\n<p>Prompting for Socially Intelligent Agents with ChatGPT &#8211; Ana Antunes, Joana Campos, Manuel Guimar\u00e3es, Pedro A. Santos and Jo\u00e3o Dias<\/p>\n\n\n\n<p><strong>Poster Presentations<\/strong> &#8211; Wednesday, Sep 20 16:00-17:30<\/p>\n\n\n\n<p>Errare humanum est, perseverare autem diabolicum: A Follow-Up Study on the Human-Likeness of an AI Othello Player &#8211; Beatrice Biancardi, Enrico Lauletta, Antonio Norelli, Alessandro Panconesi and Maurizio Mancini<\/p>\n\n\n\n<p>Depressive Virtual Agents: Development of a Playful VR Application for the Training of Child and Adolescent Psychiatry Students &#8211; Linda Graf, Gertraud Gradl-Dietsch and Maic Masuch<\/p>\n\n\n\n<p>Posture Parameters for Personality-Enhanced Virtual Audiences &#8211; Jean-Luc Lugrin, Jessica Topel, Yann Gl\u00e9marec, Birgit Lugrin and Marc Erich Latoschik<\/p>\n\n\n\n<p>Influence of conversational agents\u2019 role and behaviors on narrative experiences &#8211; Remi Poivet, Catherine Pelachaud and Malika Auvray<\/p>\n\n\n\n<p>Nonverbal Markers of Empathy in Virtual Healthcare Professionals &#8211; Audrey Marcoux, Marie-H\u00e9l\u00e8ne Tessier and Philip L. Jackson<\/p>\n\n\n\n<p>Behavioural Adaptation Towards Foreign Virtual Agents in VR &#8211; the Impact of Non-Native Speech &#8211; David Obremski, Eva Brucker, Paula Friedrich and Birgit Lugrin<\/p>\n\n\n\n<p>The Effects of Avatar Visual Similarity on Antecedents of Self-Awareness for Socially Interactive Agents &#8211; Claudio Alves da Silva, Bernhard Hilpert, Leon Christidis, Patrick Gebhard, Fabrizio Nunnari and Dimitra Tsovaltzi<\/p>\n\n\n\n<p>Stop Copying Me: Evaluating Nonverbal Mimicry in Embodied Motivational Agents &#8211; Isaac Wang, Rodrigo Calvo, Heting Wang and Jaime Ruiz<\/p>\n\n\n\n<p>How Emoji and Explanations Influence Adherence to AI Recommendations &#8211; Samuel Kernan Freire, Ji-Youn Jung, Chaofan Wang, Evangelos Niforatos and Alessandro Bozzon<\/p>\n\n\n\n<p>How far in ahead can model predict nonverbal behavior from speech and text? &#8211; Ryo Ishii, Akira Morikawa, Shinichiro Eitoku, Atsushi Fukayama and Takao Nakamura<\/p>\n\n\n\n<p>Toward a human-like sound perception for reactive virtual agents &#8211; Gauthier Couzon, Audrey Pichard, Eliott Zimmermann and Pierre Raimbaud<\/p>\n\n\n\n<p>Where Do They Go? Overhearing Conversing Pedestrian Groups during Scene Exploration &#8211; Andrea B\u00f6nsch, Till Sittart, Jonathan Ehret and Torsten W. Kuhlen<\/p>\n\n\n\n<p>Generating Social Contexts with Virtual Agents to Foster Interruptibility Research for Socially Interactive Agents &#8211; Elisabeth Ganal and Birgit Lugrin<\/p>\n\n\n\n<p>A System for Building Wizard-of-Oz-based Interactive Scenarios with Mixed-Cultural Intelligent Virtual Agents &#8211; David Obremski and Birgit Lugrin<\/p>\n\n\n\n<p>A Minecraft Based Simulated Task Environment for Human AI Teaming &#8211; Ashish Amresh, Nancy Cooke, Adam Fouse, Rahul Salla and Edward Weiss<\/p>\n\n\n\n<hr class=\"wp-block-separator has-alpha-channel-opacity\"\/>\n\n\n\n<p><strong><strong>Computational Models <\/strong>2 (Oral)<\/strong> &#8211; Thursday, Sep 21 10:30-11:15<br><strong>Session chair:<\/strong> Florian Pecune<\/p>\n\n\n\n<p>Generation of speech and facial animation with controllable articulatory effort for amusing conversational characters &#8211; Joakim Gustafson, \u00c9va Sz\u00e9kely and Jonas Beskow<\/p>\n\n\n\n<p>Augmented Co-Speech Gesture Generation: Including Form and Meaning Features to Guide Learning-Based Gesture Synthesis &#8211; Hendric Vo\u00df and Stefan Kopp<\/p>\n\n\n\n<p><strong><strong><strong>Poster Presentations<\/strong><\/strong><\/strong> <strong>with pitch for long papers<\/strong>&#8211; Thursday, Sep 21 11:15-12:30<br><strong>Session chair:<\/strong> Florian Pecune<\/p>\n\n\n\n<p>Accomodating User Expressivity while Maintaining Safety for a Virtual Alcohol Misuse Counselor &#8211; Stef\u00e1n \u00d3lafsson, Paola Pedrelli, Byron Wallace and Timothy Bickmore<\/p>\n\n\n\n<p>Impact of Multimodal Communication on Persuasiveness and Perceived Politeness of Virtual Agents in Small Groups &#8211; Sahba Zojaji, Adam \u010cerve\u0148 and Christopher Peters<\/p>\n\n\n\n<p>The Impact of Virtual Human Vocal Personality on Establishing Rapport: A Study on Promoting Mental Wellness Through Extroversion and Vocalics &#8211; Andrew Maxim, Mohan Zalake and Benjamin Lok<\/p>\n\n\n\n<p>Alexa, I Do Not Want to Be Patronized! A Qualitative Interview Study to Explore Older Adults\u2019 Attitudes Towards Intelligent Voice Assistants &#8211; Aike C. Horstmann, Till Schubert, Lea Lambrich and Clara Strathmann<\/p>\n\n\n\n<p>Socially Interactive Agents as Cobot Avatars: Developing a Model to Support Flow Experiences and Well-Being in the Workplace &#8211; Sebastian Beyrodt, Matteo Lavit Nicora, Fabrizio Nunnari, Lara Chehayeb, Pooja Prajod, Tanja Schneeberger, Elisabeth Andre, Matteo Malosio, Patrick Gebhard and Dimitra Tsovaltzi<\/p>\n\n\n\n<p>Whom Do You Follow? Pedestrian Flows Constraining the User\u2019s Navigation during Scene Exploration &#8211; Andrea B\u00f6nsch, Lukas B. Zimmermann, Jonathan Ehret and Torsten W. Kuhlen<\/p>\n\n\n\n<p>Now or When? Interruption timing prediction in dyadic interaction &#8211; Liu Yang, Catherine Achard and Catherine Pelachaud<\/p>\n\n\n\n<p>Augmenting virtual characters with multimodal irony &#8211; Thomas Kiderle, Hannes Ritschel, Silvan Mertes and Elisabeth Andr\u00e9<\/p>\n\n\n\n<p>Towards Virtual Audience Simulation For Speech Therapy &#8211; Yann Gl\u00e9marec, Jean-Luc Lugrin, Amelie H\u00f6rmann, Anne-Gwenn Bosser, C\u00e9dric Buche, Marc Erich Latoschik and Norina Lauer<\/p>\n\n\n\n<p>Towards an Adaptive Pedagogical Agent in a Reading Intervention Using Reinforcement Learning &#8211; Anna Riedmann and Birgit Lugrin<\/p>\n\n\n\n<p>Towards Realistic Sign Language Animations &#8211; In\u00eas Lacerda, Hugo Nicolau and Lu\u00edsa Coheur<\/p>\n\n\n\n<p><strong>Empirical Studies 2 (Oral)<\/strong> &#8211; Thursday, Sep 21 14:00-15:30<br><strong>Session chair:<\/strong> Nicole Kr\u00e4mer<\/p>\n\n\n\n<p>Conversational Assessment of Mild Cognitive Impairment with Virtual Agents &#8211; Emily Hurstak, Teresa O&#8217;Leary, Stefan Olafsson, Michael Paasche-Orlow, Howard Cabral and Timothy Bickmore<\/p>\n\n\n\n<p>A virtual coach with more or less empathy: impact on older adults&#8217; engagement to exercise &#8211; Rachel Chauvin, Brian Ravenet, C\u00e9line Clavel and Nicolas Sabouret<\/p>\n\n\n\n<p>Effect of Appearance and Animation Realism on the Perception of Emotionally Expressive Virtual Humans &#8211; Nabila Amadou, Kazi Injamamul Haque and Zerrin Yumak<\/p>\n\n\n\n<p>Effects of Agent&#8217;s Embodiment in Human-Agent Negotiations &#8211; Umut \u00c7akan, Mehmet Onur Keskin and Reyhan Aydogan<\/p>\n\n\n\n<p><strong>Demos<\/strong> &#8211; Thursday, Sep 21 16:00-17:00<\/p>\n\n\n\n<p>The Affective Bar Piano &#8211; Hannes Ritschel, Silvan Mertes, Florian Lingenfelser, Thomas Kiderle and Elisabeth Andr\u00e9<\/p>\n\n\n\n<p>DIVIS: Digital Interactive Victim Intake Simulator &#8211; Alesia Gainer, David Nelson, David Cobbins and David Traum<\/p>\n\n\n\n<p>Conducting Cognitive Behavioral Therapy with an Adaptive Virtual Agent &#8211; Jieyeon Woo, Michele Grimaldi, Catherine Pelachaud and Catherine Achard<\/p>\n\n\n\n<p>The Virtual Maze: a Tool for Measuring Trust towards Virtual Humans &#8211; Jinghuai Lin, Johrine Cronj\u00e9, Ivo K\u00e4thner, Paul Pauli and Marc Erich Latoschik<\/p>\n\n\n\n<p>Evaluation of embodied conversational agents designed with ethical principles and personality for cybersecurity ethics training &#8211; Muhammad Hassan Ali Bajwa<\/p>\n\n\n\n<p>Posture Parameters for Personality-Enhanced Virtual Audiences &#8211; Jean-Luc Lugrin, Jessica Topel, Yann Gl\u00e9marec, Birgit Lugrin and Marc Erich Latoschik<\/p>\n\n\n\n<p>Towards Virtual Audience Simulation For Speech Therapy &#8211; Yann Gl\u00e9marec, Amelie H\u00f6rmann, Jean-Luc Lugrin, Anne-Gwenn Bosser, Norina Lauer, C\u00e9dric Buche, Marc Erich Latoschik<\/p>\n\n\n\n<p>A Minecraft Based Simulated Task Environment for Human AI Teaming &#8211; Amresh, Cooke, Fouse, Salla and Weiss<\/p>\n\n\n\n<p>Sushi with Einstein: Enhancing Hybrid Live Events with Virtual Humans &#8211; Alon Shoa, Ramon Oliva, Doron Friedman and Mel Slater <\/p>\n\n\n\n<p>Towards Realistic Sign Language Animations &#8211; In\u00eas Lacerda, Hugo Nicolau and Lu\u00edsa Coheur<\/p>\n\n\n\n<p>Towards Real-time Co-speech Gesture Generation in Online Interaction in Social XR &#8211; Niklas Krome&nbsp;<\/p>\n\n\n\n<p>The Effects of Avatar Visual Similarity on Antecedents of Self-Awareness for Socially Interactive Agents &#8211; Claudio Alves da Silva, Bernhard Hilpert, Leon Christidis, Chirag Bhuvaneshwara, Patrick Gebhard, Fabrizio Nunnari and Dimitra Tsovaltzi<\/p>\n\n\n\n<hr class=\"wp-block-separator has-alpha-channel-opacity\"\/>\n\n\n\n<p><strong>Systems and Applications<\/strong> &#8211; Friday, Sep 22 09:00-10:30<br><strong>Session chair:<\/strong> Hannes H\u00f6gni Vilhjalmsson<\/p>\n\n\n\n<p>Sushi with Einstein: Enhancing Hybrid Live Events with LLM-based Virtual Humans &#8211; Alon Shoa, Ramon Oliva, Mel Slater and Doron Friedman<\/p>\n\n\n\n<p>Evaluation of embodied conversational agents designed with ethical principles and personality for cybersecurity ethics training &#8211; Muhammad Hassan Ali Bajwa, Deborah Richards and Paul Formosa<\/p>\n\n\n\n<p>Traversing the Pass: Improving the Knowledge Retention of Serious Games Using a Pedagogical Agent &#8211; Philipp Krop, Sebastian Oberd\u00f6rfer and Marc Erich Latoschik<\/p>\n\n\n\n<p>IAVA: Interactive and Adaptive Virtual Agent for Cognitive Behavioral Therapy &#8211; Jieyeon Woo, Michele Grimaldi, Catherine Pelachaud and Catherine Achard<\/p>\n\n\n\n<p><strong>Systems and Studies<\/strong> &#8211; Friday, Sep 22 11:00-12:30<br><strong>Session chair:<\/strong> Reyhan Aydogan<\/p>\n\n\n\n<p>Alexa, What\u2019s Inside of You? A Qualitative Study to Explore Users\u2019 Mental Models of Intelligent Voice Assistants &#8211; Aike C. Horstmann, Clara Strathmann, Lea Lambrich and Nicole C. Kr\u00e4mer<\/p>\n\n\n\n<p>The Influence of Avatar Interfaces on Argumentative Dialogues &#8211; Annalena Aicher, Klaus Weber, Elisabeth Andr\u00e9, Wolfgang Minker and Stefan Ultes<\/p>\n\n\n\n<p>Predicting Interaction Quality Aspects Using Level-Based Scores for Conversational Agents &#8211; Merle Reimann, Catharine Oertel, Florian Kunneman and Koen Hindriks<\/p>\n\n\n\n<p>Towards Real-time Co-speech Gesture Generation in Online Interaction in Social XR &#8211; Niklas Krome and Stefan Kopp<\/p>\n\n\n\n<p><strong><strong><strong>Poster Presentations<\/strong><\/strong><\/strong> &#8211; Friday, Sep 22 14:00-15:15<\/p>\n\n\n\n<p>TAI: Triad Affect Interpretation Method to Understand Emotional Expression &#8211; Ta\u00edssa Ribeiro, Ricardo Rodrigues and Carlos Martinho<\/p>\n\n\n\n<p>Prototypes of a Migrating Receptionist in Physical and Virtual Space &#8211; Emma Mainza Chilufya, Mattias Arvola and Tom Ziemke<\/p>\n\n\n\n<p>The Effect of Rapport on Delegation to Virtual Agents &#8211; Ningyuan Sun, Jean Botev and Pieter Simoens<\/p>\n\n\n\n<p>MHeVA &#8211; Mental Health Virtual Assistant for High Education Students &#8211; Andr\u00e9 Antunes, Manuel Guimar\u00e3es, Pedro A. Santos, Joao Dias, Carla Boura and Joana Campos <\/p>\n\n\n\n<p>Improving multiparty interactions through individual and group-related emotional feedbacks &#8211; Sandratra Rasendrasoa, Julien Saunier, Alexandre Pauchet and S\u00e9bastien Adam<\/p>\n\n\n\n<p>Using Interactive Virtual Agents to Represent Non-prototypical Facial Configurations &#8211; Marie-H\u00e9l\u00e8ne Tessier, Audrey Marcoux and Philip L. Jackson<\/p>\n\n\n\n<p>Prediction of Various Backchannel Utterances Based on Multimodal Information &#8211; Toshiki Onishi, Naoki Azuma, Shunichi Kinoshita, Ryo Ishii, Atsushi Fukayama, Takao Nakamura and Akihiro Miyata<\/p>\n\n\n\n<p>Who Said That? Selecting the Correct Persona from Conversational Text &#8211; Rui Ribeiro, Joao P. Carvalho and Lu\u00edsa Coheur<\/p>\n\n\n\n<p>A Study of Prediction of Listener&#8217;s Comprehension Based on Multimodal Information &#8211; Shunichi Kinoshita, Toshiki Onishi, Naoki Azuma, Ryo Ishii, Atsushi Fukayama, Takao Nakamura and Akihiro Miyata<\/p>\n\n\n\n<p>Intent and Entity Detection with Data Augmentation for a Mental Health Virtual Assistant Chatbot &#8211; Ali Zamani, Matthew Reeson, Tyler Marshall, Mohamad Ali Gharaat, Alex Lambe Foster, Jasmine Noble and Osmar R. Zaiane<\/p>\n\n\n\n<p>Portraying Emotions on Digital Humans through Emotive Colour Maps &#8211; Agathe Boudry, Joey Relouw, Alexander van Buggenum, Carlos Pereira Santos and Igor Mayer<\/p>\n\n\n\n<p>Virtual Reality Applications for Enhancing Human-Robot Interaction: A Gesture Recognition&nbsp;Perspective &#8211; Sandeep Reddy Sabbella, Sara Kaszuba, Francesco Leotta and Daniele Nardi<\/p>\n\n\n\n<p>CUBE: Conversational User-Interface-Based Embodiment &#8211; Carlos Pereira Santos, Phil de Groot, Jens Hagen, Agathe Boudry and Igor Mayer<\/p>\n","protected":false},"excerpt":{"rendered":"<p>Detailed Program Empirical Studies 1 (Oral) &#8211; Wednesday, Sep 20 10:45-12:30Session chair: Jon Gratch Effect of Avatar Facial Expressiveness on Team Collaboration in Virtual Reality &#8211; Hugo Le Tarnec, Elisabetta Bevacqua, Olivier Augereau and Pierre De Loor Who\u2019s next? Integrating Non-Verbal Turn-Taking Cues for Embodied Conversational Agents &#8211; Jonathan Ehret, Andrea B\u00f6nsch, Patrick Nossol, Cosima [&hellip;]<\/p>\n","protected":false},"author":1,"featured_media":0,"parent":0,"menu_order":0,"comment_status":"closed","ping_status":"closed","template":"templates\/template-full-width.php","meta":{"_monsterinsights_skip_tracking":false,"_monsterinsights_sitenote_active":false,"_monsterinsights_sitenote_note":"","_monsterinsights_sitenote_category":0,"footnotes":""},"class_list":["post-113","page","type-page","status-publish","hentry"],"aioseo_notices":[],"_links":{"self":[{"href":"https:\/\/iva.acm.org\/2023\/wp-json\/wp\/v2\/pages\/113","targetHints":{"allow":["GET"]}}],"collection":[{"href":"https:\/\/iva.acm.org\/2023\/wp-json\/wp\/v2\/pages"}],"about":[{"href":"https:\/\/iva.acm.org\/2023\/wp-json\/wp\/v2\/types\/page"}],"author":[{"embeddable":true,"href":"https:\/\/iva.acm.org\/2023\/wp-json\/wp\/v2\/users\/1"}],"replies":[{"embeddable":true,"href":"https:\/\/iva.acm.org\/2023\/wp-json\/wp\/v2\/comments?post=113"}],"version-history":[{"count":21,"href":"https:\/\/iva.acm.org\/2023\/wp-json\/wp\/v2\/pages\/113\/revisions"}],"predecessor-version":[{"id":666,"href":"https:\/\/iva.acm.org\/2023\/wp-json\/wp\/v2\/pages\/113\/revisions\/666"}],"wp:attachment":[{"href":"https:\/\/iva.acm.org\/2023\/wp-json\/wp\/v2\/media?parent=113"}],"curies":[{"name":"wp","href":"https:\/\/api.w.org\/{rel}","templated":true}]}}